{"id":90,"date":"2022-04-28T15:07:09","date_gmt":"2022-04-28T22:07:09","guid":{"rendered":"https:\/\/beta2.swrforum.com\/?page_id=90"},"modified":"2022-10-04T14:46:48","modified_gmt":"2022-10-04T21:46:48","slug":"governance","status":"publish","type":"page","link":"https:\/\/yamhill.demo.webriculture.com\/es\/governance\/","title":{"rendered":"Gobernancia"},"content":{"rendered":"<div class=\"gb-container gb-container-c8eadad5\"><div class=\"gb-inside-container\">\n\n<div style=\"height:50px\" aria-hidden=\"true\" class=\"wp-block-spacer\"><\/div>\n\n\n\n<h1 class=\"wp-block-heading\">Gobernancia<\/h1>\n\n\n\n<h2 class=\"wp-block-heading\"><strong>Gobernancia compartida<\/strong><\/h2>\n\n\n\n<p class=\"has-medium-font-size\">Head Start utiliza una estructura de gobierno inclusiva. La Mesa Directiva incluye a padres anteriores y representantes de la comunidad. El Consejo de Pol\u00edticas est\u00e1 formado por padres cuyos hijos est\u00e1n actualmente inscritos en Head Start y representantes de la comunidad. La Directora y el personal tambi\u00e9n participan en el gobierno de Head Start.<\/p>\n\n\n\n<h2 class=\"wp-block-heading\"><strong>Nuestra Mesa Directiva<\/strong><\/h2>\n\n\n\n<p class=\"has-medium-font-size\">Nuestra Mesa Directiva est\u00e1 compuesta por miembros de la comunidad y padres anteriores que trabajan juntos para garantizar que nuestro programa cumpla con sus responsabilidades legales y fiscales. Los miembros tienen pasi\u00f3n y habilidades para mejorar la educaci\u00f3n de la primera infancia para los ni\u00f1os que viven en la pobreza.<\/p>\n\n\n<div class=\"gb-container gb-container-d721e186\"><div class=\"gb-inside-container\">\n<div class=\"gb-grid-wrapper gb-grid-wrapper-3a39d455 flex-mobile-column-reverse\">\n<div class=\"gb-grid-column gb-grid-column-7497e43a\"><div class=\"gb-container gb-container-7497e43a\"><div class=\"gb-inside-container\">\n\n<h3 class=\"wp-block-heading\"><strong>Conozca a nuestros miembros de la Mesa<\/strong><\/h3>\n\n\n\n<p class=\"has-medium-font-size\">Paul Davis- Presidente de la Mesa<br>Tyler Yeoman-Millette - Vicepresidente y Secretario de la Mesa<br>Debra Hanson \u2013 Tesorera de la Mesa<br>Davey Altree \u2013 Miembro<br>Sandra Emmett \u2013 Miembro<br>Stephanie Findley \u2013 Miembro<br>Brad Lunt - Miembro<br>Jules Martinez-Plancarte \u2013 Miembro<br>Margaret Miller \u2013 Miembro<br>Eric Wright \u2013 Miembro<\/p>\n\n\n\n<p><br><\/p>\n\n<\/div><\/div><\/div>\n<\/div>\n<\/div><\/div>\n<\/div><\/div>","protected":false},"excerpt":{"rendered":"<p>Governance Shared Governance Head Start uses an inclusive governing structure. The Board of Directors includes past parents and representatives from the community. The Policy Council consists of parents whose children are currently enrolled in Head Start and community representatives. The Director and Staff also participate in governing Head Start. Our Board Our Board of Directors &#8230; <a title=\"Gobernancia\" class=\"read-more\" href=\"https:\/\/yamhill.demo.webriculture.com\/es\/governance\/\" aria-label=\"More on Governance\">Read more<\/a><\/p>","protected":false},"author":1,"featured_media":2651,"parent":0,"menu_order":0,"comment_status":"closed","ping_status":"closed","template":"","meta":{"footnotes":""},"class_list":["post-90","page","type-page","status-publish","has-post-thumbnail"],"featured_image_src":"https:\/\/yamhill.demo.webriculture.com\/wp-content\/uploads\/2022\/09\/Banner-21-scaled.jpg","_links":{"self":[{"href":"https:\/\/yamhill.demo.webriculture.com\/es\/wp-json\/wp\/v2\/pages\/90","targetHints":{"allow":["GET"]}}],"collection":[{"href":"https:\/\/yamhill.demo.webriculture.com\/es\/wp-json\/wp\/v2\/pages"}],"about":[{"href":"https:\/\/yamhill.demo.webriculture.com\/es\/wp-json\/wp\/v2\/types\/page"}],"author":[{"embeddable":true,"href":"https:\/\/yamhill.demo.webriculture.com\/es\/wp-json\/wp\/v2\/users\/1"}],"replies":[{"embeddable":true,"href":"https:\/\/yamhill.demo.webriculture.com\/es\/wp-json\/wp\/v2\/comments?post=90"}],"version-history":[{"count":18,"href":"https:\/\/yamhill.demo.webriculture.com\/es\/wp-json\/wp\/v2\/pages\/90\/revisions"}],"predecessor-version":[{"id":2738,"href":"https:\/\/yamhill.demo.webriculture.com\/es\/wp-json\/wp\/v2\/pages\/90\/revisions\/2738"}],"wp:featuredmedia":[{"embeddable":true,"href":"https:\/\/yamhill.demo.webriculture.com\/es\/wp-json\/wp\/v2\/media\/2651"}],"wp:attachment":[{"href":"https:\/\/yamhill.demo.webriculture.com\/es\/wp-json\/wp\/v2\/media?parent=90"}],"curies":[{"name":"wp","href":"https:\/\/api.w.org\/{rel}","templated":true}]}}