{"id":877,"date":"2022-05-18T12:48:36","date_gmt":"2022-05-18T19:48:36","guid":{"rendered":"https:\/\/beta2.swrforum.com\/?page_id=877"},"modified":"2022-09-12T15:50:26","modified_gmt":"2022-09-12T22:50:26","slug":"working-at-hsyc","status":"publish","type":"page","link":"https:\/\/yamhill.demo.webriculture.com\/es\/working-at-hsyc\/","title":{"rendered":"Trabajar en HSYC"},"content":{"rendered":"<div style=\"height:50px\" aria-hidden=\"true\" class=\"wp-block-spacer\"><\/div>\n\n\n<div class=\"gb-container gb-container-2aad7394\"><div class=\"gb-inside-container\">\n\n<h1 class=\"wp-block-heading\">\u00a1Gracias por su inter\u00e9s en ser parte de nuestro equipo!<\/h1>\n\n<\/div><\/div>\n\n\n<p class=\"has-medium-font-size\">\u00a1En HSYC creemos que nuestros empleados son nuestro recurso m\u00e1s valioso! Nos esforzamos por garantizar un entorno de trabajo estable que incluya oportunidades de aprendizaje y crecimiento personal. Al trabajar en HSYC, ser\u00e1s parte de un equipo cari\u00f1oso, talentoso y creativo. \u00a1Somos como una familia en HSYC!<\/p>\n\n\n\n<p class=\"has-medium-font-size\">\u00bfQuiere unirse a nuestro equipo pero no tiene los cursos o t\u00edtulos requeridos? \u00a1Aplique! Apoyamos a los empleados para que obtengan los cursos necesarios para lograr sus objetivos profesionales. Hay muchas oportunidades de progreso en HSYC.<\/p>\n\n\n<div class=\"gb-container gb-container-1f2f71ea\"><div class=\"gb-inside-container\">\n<div class=\"gb-grid-wrapper gb-grid-wrapper-984b7bec\">\n<div class=\"gb-grid-column gb-grid-column-01aaa959\"><div class=\"gb-container gb-container-01aaa959\"><div class=\"gb-inside-container\">\n\n<h2 class=\"wp-block-heading\"><strong>Ofrecemos<\/strong><\/h2>\n\n\n<div style=\"padding-left: 1.1em; text-align: left; --ub-list-item-icon-top: 3px;; --ub-list-item-icon-size: 0.9em; --ub-list-item-background-image: url('data:image\/svg+xml;utf8,&lt;svg xmlns=&quot;http:\/\/www.w3.org\/2000\/svg&quot; viewBox=&quot;0 0 512 512&quot;&gt;&lt;path fill=&quot;%23000000&quot; d=&quot;M470.6 105.4c12.5 12.5 12.5 32.8 0 45.3l-256 256c-12.5 12.5-32.8 12.5-45.3 0l-128-128c-12.5-12.5-12.5-32.8 0-45.3s32.8-12.5 45.3 0L192 338.7 425.4 105.4c12.5-12.5 32.8-12.5 45.3 0z&quot;&gt;&lt;\/path&gt;&lt;\/svg&gt;'); --ub-list-item-fa-li-top: 3px; \" class=\"wp-block-ub-styled-list ub_styled_list_sublist\" id=\"ub_styled_list-013e268a-7dd2-41fb-9a2e-2330d03398a7\"><ul class=\"fa-ul\"><li>Puestos de tiempo completo y medio tiempo<\/li><li>Puestos de 9 o 12 meses<\/li><li>\u00a1Excelentes beneficios para los empleados!<\/li><\/ul><\/div>\n<\/div><\/div><\/div>\n\n<div class=\"gb-grid-column gb-grid-column-ff6c2c48\"><div class=\"gb-container gb-container-ff6c2c48\"><div class=\"gb-inside-container\">\n\n<figure class=\"wp-block-image size-large\"><img loading=\"lazy\" decoding=\"async\" width=\"1024\" height=\"683\" src=\"https:\/\/yamhill.demo.webriculture.com\/wp-content\/uploads\/2022\/09\/DSC_0097-1024x683.jpg\" alt=\"\" class=\"wp-image-2578\" srcset=\"https:\/\/yamhill.demo.webriculture.com\/wp-content\/uploads\/2022\/09\/DSC_0097-1024x683.jpg 1024w, https:\/\/yamhill.demo.webriculture.com\/wp-content\/uploads\/2022\/09\/DSC_0097-300x200.jpg 300w, https:\/\/yamhill.demo.webriculture.com\/wp-content\/uploads\/2022\/09\/DSC_0097-768x512.jpg 768w, https:\/\/yamhill.demo.webriculture.com\/wp-content\/uploads\/2022\/09\/DSC_0097-1536x1024.jpg 1536w, https:\/\/yamhill.demo.webriculture.com\/wp-content\/uploads\/2022\/09\/DSC_0097-2048x1365.jpg 2048w, https:\/\/yamhill.demo.webriculture.com\/wp-content\/uploads\/2022\/09\/DSC_0097-18x12.jpg 18w\" sizes=\"auto, (max-width: 1024px) 100vw, 1024px\" \/><\/figure>\n\n<\/div><\/div><\/div>\n<\/div>\n<\/div><\/div>\n\n<div class=\"gb-container gb-container-0843fbe2\"><div class=\"gb-inside-container\">\n<div class=\"gb-grid-wrapper gb-grid-wrapper-5000d2ce flex-mobile-column-reverse\">\n<div class=\"gb-grid-column gb-grid-column-77171cff\"><div class=\"gb-container gb-container-77171cff\"><div class=\"gb-inside-container\">\n\n<figure class=\"wp-block-image size-large\"><img loading=\"lazy\" decoding=\"async\" width=\"1024\" height=\"661\" src=\"https:\/\/yamhill.demo.webriculture.com\/wp-content\/uploads\/2022\/09\/IMG_20190530_151919-2-1024x661.jpg\" alt=\"\" class=\"wp-image-2577\" srcset=\"https:\/\/yamhill.demo.webriculture.com\/wp-content\/uploads\/2022\/09\/IMG_20190530_151919-2-1024x661.jpg 1024w, https:\/\/yamhill.demo.webriculture.com\/wp-content\/uploads\/2022\/09\/IMG_20190530_151919-2-300x194.jpg 300w, https:\/\/yamhill.demo.webriculture.com\/wp-content\/uploads\/2022\/09\/IMG_20190530_151919-2-768x495.jpg 768w, https:\/\/yamhill.demo.webriculture.com\/wp-content\/uploads\/2022\/09\/IMG_20190530_151919-2-1536x991.jpg 1536w, https:\/\/yamhill.demo.webriculture.com\/wp-content\/uploads\/2022\/09\/IMG_20190530_151919-2-2048x1321.jpg 2048w, https:\/\/yamhill.demo.webriculture.com\/wp-content\/uploads\/2022\/09\/IMG_20190530_151919-2-18x12.jpg 18w\" sizes=\"auto, (max-width: 1024px) 100vw, 1024px\" \/><\/figure>\n\n<\/div><\/div><\/div>\n\n<div class=\"gb-grid-column gb-grid-column-550da8f0\"><div class=\"gb-container gb-container-550da8f0\"><div class=\"gb-inside-container\">\n\n<h2 class=\"wp-block-heading\"><strong>Otros beneficios incluyen:<\/strong><\/h2>\n\n\n<div style=\"padding-left: 1.1em; text-align: left; --ub-list-item-icon-top: 3px;; --ub-list-item-icon-size: 0.9em; --ub-list-item-background-image: url('data:image\/svg+xml;utf8,&lt;svg xmlns=&quot;http:\/\/www.w3.org\/2000\/svg&quot; viewBox=&quot;0 0 512 512&quot;&gt;&lt;path fill=&quot;%23000000&quot; d=&quot;M470.6 105.4c12.5 12.5 12.5 32.8 0 45.3l-256 256c-12.5 12.5-32.8 12.5-45.3 0l-128-128c-12.5-12.5-12.5-32.8 0-45.3s32.8-12.5 45.3 0L192 338.7 425.4 105.4c12.5-12.5 32.8-12.5 45.3 0z&quot;&gt;&lt;\/path&gt;&lt;\/svg&gt;'); --ub-list-item-fa-li-top: 3px; \" class=\"wp-block-ub-styled-list ub_styled_list_sublist\" id=\"ub_styled_list-7b3d5f41-6415-4448-b04c-9944027a6491\"><ul class=\"fa-ul\"><li>D\u00edas de vacaciones pagados (hasta 25 por a\u00f1o seg\u00fan los a\u00f1os de servicio)<\/li><li>Dias festivos pagados<\/li><li>D\u00edas personales pagados<\/li><li>Reembolso de millas<\/li><li>Dias de enfermedad pagados<\/li><li>Asistencia para cursos<\/li><li>Programa de referencia de empleados con el que puede ganar hasta $500<\/li><\/ul><\/div>\n\n\n<p style=\"font-size:16px\">Paquetes de beneficios determinados por estatus y posici\u00f3n.<\/p>\n\n<\/div><\/div><\/div>\n<\/div>\n<\/div><\/div>\n\n<div class=\"gb-button-wrapper gb-button-wrapper-44186ed7\">\n\n<a class=\"gb-button gb-button-6d7bdae8 gb-button-text\" href=\"\/es\/apply-online\/\">Aplicar ahora<\/a>\n\n<\/div>","protected":false},"excerpt":{"rendered":"<p>Thank you for your interest in being part of our team! At HSYC we believe our employees are our most valuable resource! We strive to ensure a stable work environment that includes opportunity for learning and personal growth. Working at HSYC you will be part of a caring, talented, and creative team. We are like &#8230; <a title=\"Trabajar en HSYC\" class=\"read-more\" href=\"https:\/\/yamhill.demo.webriculture.com\/es\/working-at-hsyc\/\" aria-label=\"More on Working at HSYC\">Read more<\/a><\/p>","protected":false},"author":1,"featured_media":2644,"parent":0,"menu_order":0,"comment_status":"closed","ping_status":"closed","template":"","meta":{"footnotes":""},"class_list":["post-877","page","type-page","status-publish","has-post-thumbnail"],"featured_image_src":"https:\/\/yamhill.demo.webriculture.com\/wp-content\/uploads\/2022\/09\/Banner-6-3.jpg","_links":{"self":[{"href":"https:\/\/yamhill.demo.webriculture.com\/es\/wp-json\/wp\/v2\/pages\/877","targetHints":{"allow":["GET"]}}],"collection":[{"href":"https:\/\/yamhill.demo.webriculture.com\/es\/wp-json\/wp\/v2\/pages"}],"about":[{"href":"https:\/\/yamhill.demo.webriculture.com\/es\/wp-json\/wp\/v2\/types\/page"}],"author":[{"embeddable":true,"href":"https:\/\/yamhill.demo.webriculture.com\/es\/wp-json\/wp\/v2\/users\/1"}],"replies":[{"embeddable":true,"href":"https:\/\/yamhill.demo.webriculture.com\/es\/wp-json\/wp\/v2\/comments?post=877"}],"version-history":[{"count":23,"href":"https:\/\/yamhill.demo.webriculture.com\/es\/wp-json\/wp\/v2\/pages\/877\/revisions"}],"predecessor-version":[{"id":2642,"href":"https:\/\/yamhill.demo.webriculture.com\/es\/wp-json\/wp\/v2\/pages\/877\/revisions\/2642"}],"wp:featuredmedia":[{"embeddable":true,"href":"https:\/\/yamhill.demo.webriculture.com\/es\/wp-json\/wp\/v2\/media\/2644"}],"wp:attachment":[{"href":"https:\/\/yamhill.demo.webriculture.com\/es\/wp-json\/wp\/v2\/media?parent=877"}],"curies":[{"name":"wp","href":"https:\/\/api.w.org\/{rel}","templated":true}]}}