{"id":871,"date":"2022-05-18T12:46:30","date_gmt":"2022-05-18T19:46:30","guid":{"rendered":"https:\/\/beta2.swrforum.com\/?page_id=871"},"modified":"2022-09-12T15:29:57","modified_gmt":"2022-09-12T22:29:57","slug":"learning","status":"publish","type":"page","link":"https:\/\/yamhill.demo.webriculture.com\/es\/learning\/","title":{"rendered":"Aprendizaje"},"content":{"rendered":"<div style=\"height:50px\" aria-hidden=\"true\" class=\"wp-block-spacer\"><\/div>\n\n\n\n<h1 class=\"wp-block-heading\">Aprendizaje<\/h1>\n\n\n<div class=\"gb-container gb-container-a8605464\"><div class=\"gb-inside-container\">\n<div class=\"gb-grid-wrapper gb-grid-wrapper-f37b2fef\">\n<div class=\"gb-grid-column gb-grid-column-21d60a10\"><div class=\"gb-container gb-container-21d60a10\"><div class=\"gb-inside-container\">\n\n<h2 class=\"wp-block-heading\"><strong>Aprender en el sal\u00f3n<\/strong><\/h2>\n\n\n\n<p class=\"has-medium-font-size\">El programa educativo de HSYC est\u00e1 dise\u00f1ado para satisfacer las necesidades individuales de cada ni\u00f1o. Cada ni\u00f1o recibe una variedad de experiencias de aprendizaje para fomentar su crecimiento intelectual, social y emocional: los ni\u00f1os participan en juegos adentro y al aire libre; desarrollan su capacidad de comprender los conceptos de n\u00fameros y alfabetizaci\u00f3n; y aprenden acerca de sus sentimientos y formas apropiadas de expresarlos. Se hace todo lo posible para crear un entorno de clase que sea culturalmente c\u00f3modo para todas las familias.<\/p>\n\n<\/div><\/div><\/div>\n\n<div class=\"gb-grid-column gb-grid-column-073928c5\"><div class=\"gb-container gb-container-073928c5\"><div class=\"gb-inside-container\">\n\n<figure class=\"wp-block-image size-large\"><img loading=\"lazy\" decoding=\"async\" width=\"1024\" height=\"683\" src=\"https:\/\/yamhill.demo.webriculture.com\/wp-content\/uploads\/2022\/08\/DSC_0132-1024x683.jpg\" alt=\"\" class=\"wp-image-2547\" srcset=\"https:\/\/yamhill.demo.webriculture.com\/wp-content\/uploads\/2022\/08\/DSC_0132-1024x683.jpg 1024w, https:\/\/yamhill.demo.webriculture.com\/wp-content\/uploads\/2022\/08\/DSC_0132-300x200.jpg 300w, https:\/\/yamhill.demo.webriculture.com\/wp-content\/uploads\/2022\/08\/DSC_0132-768x512.jpg 768w, https:\/\/yamhill.demo.webriculture.com\/wp-content\/uploads\/2022\/08\/DSC_0132-1536x1024.jpg 1536w, https:\/\/yamhill.demo.webriculture.com\/wp-content\/uploads\/2022\/08\/DSC_0132-2048x1365.jpg 2048w, https:\/\/yamhill.demo.webriculture.com\/wp-content\/uploads\/2022\/08\/DSC_0132-18x12.jpg 18w\" sizes=\"auto, (max-width: 1024px) 100vw, 1024px\" \/><\/figure>\n\n<\/div><\/div><\/div>\n<\/div>\n<\/div><\/div>\n\n<div class=\"gb-container gb-container-1964a2e6\"><div class=\"gb-inside-container\">\n<div class=\"gb-grid-wrapper gb-grid-wrapper-788fe9ba flex-mobile-column-reverse\">\n<div class=\"gb-grid-column gb-grid-column-0e4f1abf\"><div class=\"gb-container gb-container-0e4f1abf\"><div class=\"gb-inside-container\">\n\n<figure class=\"wp-block-image size-large\"><img loading=\"lazy\" decoding=\"async\" width=\"865\" height=\"1024\" src=\"https:\/\/yamhill.demo.webriculture.com\/wp-content\/uploads\/2022\/08\/MSD-Science-Experiment-3.9.22-2-865x1024.jpg\" alt=\"\" class=\"wp-image-2549\" srcset=\"https:\/\/yamhill.demo.webriculture.com\/wp-content\/uploads\/2022\/08\/MSD-Science-Experiment-3.9.22-2-865x1024.jpg 865w, https:\/\/yamhill.demo.webriculture.com\/wp-content\/uploads\/2022\/08\/MSD-Science-Experiment-3.9.22-2-253x300.jpg 253w, https:\/\/yamhill.demo.webriculture.com\/wp-content\/uploads\/2022\/08\/MSD-Science-Experiment-3.9.22-2-768x909.jpg 768w, https:\/\/yamhill.demo.webriculture.com\/wp-content\/uploads\/2022\/08\/MSD-Science-Experiment-3.9.22-2-10x12.jpg 10w, https:\/\/yamhill.demo.webriculture.com\/wp-content\/uploads\/2022\/08\/MSD-Science-Experiment-3.9.22-2.jpg 959w\" sizes=\"auto, (max-width: 865px) 100vw, 865px\" \/><\/figure>\n\n<\/div><\/div><\/div>\n\n<div class=\"gb-grid-column gb-grid-column-ff9dfc8d\"><div class=\"gb-container gb-container-ff9dfc8d\"><div class=\"gb-inside-container\">\n\n<h2 class=\"wp-block-heading\"><strong>Plan de estudios y evaluaci\u00f3n<\/strong><\/h2>\n\n\n\n<p class=\"has-medium-font-size\"><strong>Creative Curriculum:<\/strong> HSYC identifica al Creative Curriculum (curr\u00edculo creativo) como nuestro plan de estudios principal para las edades de 0 a 5 a\u00f1os. A lo largo del a\u00f1o escolar, HSYC utiliza las pautas ambientales del Creative Curriculum para ayudar a los maestros a dise\u00f1ar su salon. Estas configuraciones intencionales de salon  est\u00e1n dise\u00f1adas para reforzar el aprendizaje basado en el juego y apoyar las pr\u00e1cticas de ense\u00f1anza.<\/p>\n\n\n\n<p class=\"has-medium-font-size\"><strong>Second Step:<\/strong> HSYC tambi\u00e9n incorpora Second Step (segundo paso) en nuestros salones. Second Step es un enfoque hol\u00edstico para construir comunidades de apoyo para cada ni\u00f1o a trav\u00e9s del aprendizaje socioemocional.<\/p>\n\n\n\n<p class=\"has-medium-font-size\"><strong>Growing Early Mindsets (GEM):<\/strong> GEM (desarollando mentalidades tempranas) empodera a los estudiantes peque\u00f1os. Es un programa basado en la alfabetizaci\u00f3n que combina el desarollo mental, el aprendizaje socioemocional, y la atenci\u00f3n consciente.<\/p>\n\n\n\n<p class=\"has-medium-font-size\"><strong>Teaching Strategies Gold (TSGOLD):<\/strong> HSYC utiliza la herramienta de evaluaci\u00f3n TSGOLD, la cual eval\u00faa el desarrollo de los ni\u00f1os durante todo el a\u00f1o. Las actividades del salon brindan oportunidades para que los maestros realicen y registren observaciones de los ni\u00f1os. Las observaciones se enfocan en todas las \u00e1reas del desarrollo infantil, incluyendo: lenguaje, alfabetizaci\u00f3n, matem\u00e1ticas, desarrollo social y emocional, enfoques del aprendizaje, ciencias, habilidades f\u00edsicas y artes creativas.<\/p>\n\n\n\n<p class=\"has-medium-font-size\"><strong>Ages and Stages Questionnaire (ASQ):<\/strong> El ASQ (cuestionario de edades y etapas) es una serie de cuestionarios para los padres, y presenta una actualizaci\u00f3n breve del desarrollo temprano en ni\u00f1os de 1 mes a 5 a\u00f1os de edad. Los resultados ayudan a determinar si el desarrollo de un ni\u00f1o va seg\u00fan lo programado o si se necesita una evaluaci\u00f3n adicional con un profesional.<\/p>\n\n<\/div><\/div><\/div>\n<\/div>\n<\/div><\/div>\n\n<div class=\"gb-container gb-container-731cfba5\"><div class=\"gb-inside-container\">\n<div class=\"gb-grid-wrapper gb-grid-wrapper-df2bea9f\">\n<div class=\"gb-grid-column gb-grid-column-b727a7b7\"><div class=\"gb-container gb-container-b727a7b7\"><div class=\"gb-inside-container\">\n\n<h2 class=\"wp-block-heading\"><strong>Aprender en casa<\/strong><\/h2>\n\n\n\n<p class=\"has-medium-font-size\">Los padres de ni\u00f1os en Early Head Start y Head Start pueden emplear estrategias para apoyar el comportamiento de ni\u00f1os de todas las edades o niveles de desarrollo. Positive Behavior Intervention Supports (PBIS: apoyos de intervenci\u00f3n para comportamiento positivo) se basa en tres ideas principales:<\/p>\n\n\n\n<ol class=\"has-medium-font-size wp-block-list\"><li>Los ni\u00f1os necesitan saber qu\u00e9 se espera de ellos.<\/li><li>Los ni\u00f1os necesitan que se les ense\u00f1e directamente la forma correcta de comportarse.<\/li><li>El comportamiento apropiado necesita ser alentado y reconocido.<\/li><\/ol>\n\n\n\n<p class=\"has-medium-font-size\">En HSYC, creemos que PBIS es una excelente manera de ayudar a todos los ni\u00f1os a aprender las habilidades que necesitan para tener \u00e9xito socioemocional y en su conducta.<\/p>\n\n<\/div><\/div><\/div>\n\n<div class=\"gb-grid-column gb-grid-column-865c50fa\"><div class=\"gb-container gb-container-865c50fa\"><div class=\"gb-inside-container\">\n\n<figure class=\"wp-block-image size-large\"><img loading=\"lazy\" decoding=\"async\" width=\"1024\" height=\"940\" src=\"https:\/\/yamhill.demo.webriculture.com\/wp-content\/uploads\/2022\/06\/DSC_0331-2-1024x940.jpg\" alt=\"\" class=\"wp-image-1803\" srcset=\"https:\/\/yamhill.demo.webriculture.com\/wp-content\/uploads\/2022\/06\/DSC_0331-2-1024x940.jpg 1024w, https:\/\/yamhill.demo.webriculture.com\/wp-content\/uploads\/2022\/06\/DSC_0331-2-300x275.jpg 300w, https:\/\/yamhill.demo.webriculture.com\/wp-content\/uploads\/2022\/06\/DSC_0331-2-768x705.jpg 768w, https:\/\/yamhill.demo.webriculture.com\/wp-content\/uploads\/2022\/06\/DSC_0331-2-1536x1410.jpg 1536w, https:\/\/yamhill.demo.webriculture.com\/wp-content\/uploads\/2022\/06\/DSC_0331-2-2048x1880.jpg 2048w, https:\/\/yamhill.demo.webriculture.com\/wp-content\/uploads\/2022\/06\/DSC_0331-2-13x12.jpg 13w\" sizes=\"auto, (max-width: 1024px) 100vw, 1024px\" \/><\/figure>\n\n<\/div><\/div><\/div>\n<\/div>\n<\/div><\/div>\n\n<div class=\"gb-container gb-container-132fec66\"><div class=\"gb-inside-container\">\n<div class=\"gb-grid-wrapper gb-grid-wrapper-282b4c74 flex-mobile-column-reverse\">\n<div class=\"gb-grid-column gb-grid-column-8e2d2f06\"><div class=\"gb-container gb-container-8e2d2f06\"><div class=\"gb-inside-container\">\n\n<figure class=\"wp-block-image size-large\"><img loading=\"lazy\" decoding=\"async\" width=\"976\" height=\"1024\" src=\"https:\/\/yamhill.demo.webriculture.com\/wp-content\/uploads\/2022\/06\/Victoria33-976x1024.jpg\" alt=\"\" class=\"wp-image-1812\" srcset=\"https:\/\/yamhill.demo.webriculture.com\/wp-content\/uploads\/2022\/06\/Victoria33-976x1024.jpg 976w, https:\/\/yamhill.demo.webriculture.com\/wp-content\/uploads\/2022\/06\/Victoria33-286x300.jpg 286w, https:\/\/yamhill.demo.webriculture.com\/wp-content\/uploads\/2022\/06\/Victoria33-768x806.jpg 768w, https:\/\/yamhill.demo.webriculture.com\/wp-content\/uploads\/2022\/06\/Victoria33-11x12.jpg 11w, https:\/\/yamhill.demo.webriculture.com\/wp-content\/uploads\/2022\/06\/Victoria33.jpg 1262w\" sizes=\"auto, (max-width: 976px) 100vw, 976px\" \/><\/figure>\n\n<\/div><\/div><\/div>\n\n<div class=\"gb-grid-column gb-grid-column-393956a5\"><div class=\"gb-container gb-container-393956a5\"><div class=\"gb-inside-container\">\n\n<h2 class=\"wp-block-heading\"><strong>Habilidades PRIDE<\/strong><\/h2>\n\n\n\n<p class=\"has-medium-font-size\">P - Elogie el comportamiento de su hijo<\/p>\n\n\n\n<p class=\"has-medium-font-size\">R - Reflexione sobre el habla de su hijo<\/p>\n\n\n\n<p class=\"has-medium-font-size\">I - Imite su juego<\/p>\n\n\n\n<p class=\"has-medium-font-size\">D - Describa lo que est\u00e1 haciendo su hijo<\/p>\n\n\n\n<p class=\"has-medium-font-size\">E - Disfrute de su tiempo juntos<\/p>\n\n\n\n<p class=\"has-medium-font-size\">Cuando los adultos utilizan estas estrategias de ense\u00f1anza social y emocional logran:<\/p>\n\n\n\n<ul class=\"has-medium-font-size wp-block-list\"><li>Interactuar con los ni\u00f1os para desarrollar su autoestima.<\/li><li>Demostrar que escuchan activamente a los ni\u00f1os.<\/li><li>Mostrar empat\u00eda y comprensi\u00f3n de los sentimientos de los ni\u00f1os.<\/li><li>Muestre sensibilidad a las necesidades individuales de los ni\u00f1os.<\/li><li>Fomentar la confianza en la autonom\u00eda.<\/li><li>Aprovechar la presencia de los compa\u00f1eros.<\/li><li>Utilizar el modelado, las indicaciones y el refuerzo de las interacciones de manera efectiva.<\/li><\/ul>\n\n<\/div><\/div><\/div>\n<\/div>\n<\/div><\/div>","protected":false},"excerpt":{"rendered":"<p>Aprendizaje<\/p>","protected":false},"author":1,"featured_media":2634,"parent":0,"menu_order":0,"comment_status":"closed","ping_status":"closed","template":"","meta":{"footnotes":""},"class_list":["post-871","page","type-page","status-publish","has-post-thumbnail"],"featured_image_src":"https:\/\/yamhill.demo.webriculture.com\/wp-content\/uploads\/2022\/09\/Banner-5-2-scaled.jpg","_links":{"self":[{"href":"https:\/\/yamhill.demo.webriculture.com\/es\/wp-json\/wp\/v2\/pages\/871","targetHints":{"allow":["GET"]}}],"collection":[{"href":"https:\/\/yamhill.demo.webriculture.com\/es\/wp-json\/wp\/v2\/pages"}],"about":[{"href":"https:\/\/yamhill.demo.webriculture.com\/es\/wp-json\/wp\/v2\/types\/page"}],"author":[{"embeddable":true,"href":"https:\/\/yamhill.demo.webriculture.com\/es\/wp-json\/wp\/v2\/users\/1"}],"replies":[{"embeddable":true,"href":"https:\/\/yamhill.demo.webriculture.com\/es\/wp-json\/wp\/v2\/comments?post=871"}],"version-history":[{"count":21,"href":"https:\/\/yamhill.demo.webriculture.com\/es\/wp-json\/wp\/v2\/pages\/871\/revisions"}],"predecessor-version":[{"id":2550,"href":"https:\/\/yamhill.demo.webriculture.com\/es\/wp-json\/wp\/v2\/pages\/871\/revisions\/2550"}],"wp:featuredmedia":[{"embeddable":true,"href":"https:\/\/yamhill.demo.webriculture.com\/es\/wp-json\/wp\/v2\/media\/2634"}],"wp:attachment":[{"href":"https:\/\/yamhill.demo.webriculture.com\/es\/wp-json\/wp\/v2\/media?parent=871"}],"curies":[{"name":"wp","href":"https:\/\/api.w.org\/{rel}","templated":true}]}}