{"id":863,"date":"2022-05-18T12:36:53","date_gmt":"2022-05-18T19:36:53","guid":{"rendered":"https:\/\/beta2.swrforum.com\/?page_id=863"},"modified":"2022-10-05T15:31:26","modified_gmt":"2022-10-05T22:31:26","slug":"our-team","status":"publish","type":"page","link":"https:\/\/yamhill.demo.webriculture.com\/es\/our-team\/","title":{"rendered":"Nuestro Equipo"},"content":{"rendered":"<p><\/p>\n\n\n\n<div class=\"wp-block-columns is-layout-flex wp-container-core-columns-is-layout-9d6595d7 wp-block-columns-is-layout-flex\">\n<div class=\"wp-block-column is-layout-flow wp-block-column-is-layout-flow\" style=\"flex-basis:33.33%\">\n<figure class=\"wp-block-image size-large is-resized\"><img loading=\"lazy\" decoding=\"async\" src=\"https:\/\/yamhill.demo.webriculture.com\/wp-content\/uploads\/2022\/10\/DSC_0178-3-777x1024.jpg\" alt=\"\" class=\"wp-image-2743\" width=\"210\" height=\"275\" srcset=\"https:\/\/yamhill.demo.webriculture.com\/wp-content\/uploads\/2022\/10\/DSC_0178-3-228x300.jpg 228w, https:\/\/yamhill.demo.webriculture.com\/wp-content\/uploads\/2022\/10\/DSC_0178-3-9x12.jpg 9w\" sizes=\"auto, (max-width: 210px) 100vw, 210px\" \/><\/figure>\n<\/div>\n\n\n\n<div class=\"wp-block-column is-layout-flow wp-block-column-is-layout-flow\" style=\"flex-basis:66.66%\">\n<p class=\"has-medium-font-size\">Suey Linzmeier \u2013 Directora Ejecutiva<\/p>\n\n\n\n<p class=\"has-medium-font-size\">Suey trabaj\u00f3 como educadora eamiliar y maestra en nuestro Centro Sheridan con ni\u00f1os que ahora se graduaron con \u00e9xito de la preparatoria. Tambi\u00e9n se desempe\u00f1\u00f3 como Coordinadora de Early Head Start de HSYC con la implementaci\u00f3n del programa Early Head Start para ni\u00f1os desde el nacimiento hasta los 5 a\u00f1os en 2009. Suey ha estado en su funci\u00f3n como Directora Ejecutiva de HSYC desde 2012.&nbsp;<\/p>\n<\/div>\n<\/div>\n\n\n\n<div class=\"wp-block-columns is-layout-flex wp-container-core-columns-is-layout-9d6595d7 wp-block-columns-is-layout-flex\">\n<div class=\"wp-block-column is-layout-flow wp-block-column-is-layout-flow\" style=\"flex-basis:33.33%\">\n<figure class=\"wp-block-image size-large is-resized\"><img loading=\"lazy\" decoding=\"async\" src=\"https:\/\/yamhill.demo.webriculture.com\/wp-content\/uploads\/2022\/09\/Katie-665x1024.jpg\" alt=\"\" class=\"wp-image-2659\" width=\"209\" height=\"320\" srcset=\"https:\/\/yamhill.demo.webriculture.com\/wp-content\/uploads\/2022\/09\/Katie-195x300.jpg 195w, https:\/\/yamhill.demo.webriculture.com\/wp-content\/uploads\/2022\/09\/Katie-8x12.jpg 8w\" sizes=\"auto, (max-width: 209px) 100vw, 209px\" \/><\/figure>\n<\/div>\n\n\n\n<div class=\"wp-block-column is-layout-flow wp-block-column-is-layout-flow\" style=\"flex-basis:66.66%\">\n<p class=\"has-medium-font-size\">Katie Gardner- Directora Auxiliar y Coordinadora de Educaci\u00f3n<\/p>\n\n\n\n<p class=\"has-medium-font-size\">Katie Gardner naci\u00f3 y se cri\u00f3 en Oreg\u00f3n y ha trabajado en el campo educativo durante 15 a\u00f1os. Katie comenz\u00f3 su carrera en educaci\u00f3n primaria y fue contratada como maestra de Head Start hace 11 a\u00f1os. Se ha desempe\u00f1ado en diferentes capacidades en HSYC y ahora es la Coordinadora de Educaci\u00f3n y Directora Auxiliar, supervisando el programa preescolar. Lo que m\u00e1s le gusta de trabajar en HSYC es contribuir a los esfuerzos para brindar servicios sociales y educativos a familias y ni\u00f1os necesitados. En su tiempo libre, Katie disfruta acampar con sus 3 hijos y su esposo y pasar todo el tiempo que puede en la costa de Oreg\u00f3n.&nbsp;<\/p>\n<\/div>\n<\/div>\n\n\n\n<div class=\"wp-block-columns is-layout-flex wp-container-core-columns-is-layout-9d6595d7 wp-block-columns-is-layout-flex\">\n<div class=\"wp-block-column is-layout-flow wp-block-column-is-layout-flow\" style=\"flex-basis:33.33%\">\n<figure class=\"wp-block-image size-large is-resized\"><img loading=\"lazy\" decoding=\"async\" src=\"https:\/\/yamhill.demo.webriculture.com\/wp-content\/uploads\/2022\/09\/Karen-627x1024.jpeg\" alt=\"\" class=\"wp-image-2668\" width=\"212\" height=\"345\" srcset=\"https:\/\/yamhill.demo.webriculture.com\/wp-content\/uploads\/2022\/09\/Karen-627x1024.jpeg 627w, https:\/\/yamhill.demo.webriculture.com\/wp-content\/uploads\/2022\/09\/Karen-184x300.jpeg 184w, https:\/\/yamhill.demo.webriculture.com\/wp-content\/uploads\/2022\/09\/Karen-768x1254.jpeg 768w, https:\/\/yamhill.demo.webriculture.com\/wp-content\/uploads\/2022\/09\/Karen-7x12.jpeg 7w, https:\/\/yamhill.demo.webriculture.com\/wp-content\/uploads\/2022\/09\/Karen.jpeg 859w\" sizes=\"auto, (max-width: 212px) 100vw, 212px\" \/><\/figure>\n<\/div>\n\n\n\n<div class=\"wp-block-column is-layout-flow wp-block-column-is-layout-flow\" style=\"flex-basis:66.66%\">\n<p class=\"has-medium-font-size\">Karen Goelzer \u2013 Contadora Ejecutiva<\/p>\n\n\n\n<p class=\"has-medium-font-size\">Karen ha estado con HSYC durante 2 a\u00f1os y medio. Ha trabajado en varios puestos de contadora durante mas de 30 a\u00f1os y eligi\u00f3 trabajar para Head Start porque cree en la misi\u00f3n. Ella cree que es muy importante apoyar a las familias y los ni\u00f1os para asegurarse de que est\u00e9n listos para la escuela. Ella comparte: \u201cHabiendo sido una madre joven, solo desear\u00eda haber sabido sobre el programa Head Start cuando mi hija era peque\u00f1a. Siempre me enorgullece contarle a la gente d\u00f3nde trabajo y compartir con ellos las muchas historias de \u00e9xito de Head Start y el impacto que tenemos en las familias\u201d.<\/p>\n<\/div>\n<\/div>\n\n\n\n<div class=\"wp-block-columns is-layout-flex wp-container-core-columns-is-layout-9d6595d7 wp-block-columns-is-layout-flex\">\n<div class=\"wp-block-column is-layout-flow wp-block-column-is-layout-flow\" style=\"flex-basis:33.33%\">\n<figure class=\"wp-block-image size-large is-resized\"><img loading=\"lazy\" decoding=\"async\" src=\"https:\/\/yamhill.demo.webriculture.com\/wp-content\/uploads\/2022\/09\/Kathryn-682x1024.jpg\" alt=\"\" class=\"wp-image-2661\" width=\"218\" height=\"327\" srcset=\"https:\/\/yamhill.demo.webriculture.com\/wp-content\/uploads\/2022\/09\/Kathryn-682x1024.jpg 682w, https:\/\/yamhill.demo.webriculture.com\/wp-content\/uploads\/2022\/09\/Kathryn-200x300.jpg 200w, https:\/\/yamhill.demo.webriculture.com\/wp-content\/uploads\/2022\/09\/Kathryn-768x1152.jpg 768w, https:\/\/yamhill.demo.webriculture.com\/wp-content\/uploads\/2022\/09\/Kathryn-8x12.jpg 8w, https:\/\/yamhill.demo.webriculture.com\/wp-content\/uploads\/2022\/09\/Kathryn.jpg 853w\" sizes=\"auto, (max-width: 218px) 100vw, 218px\" \/><\/figure>\n<\/div>\n\n\n\n<div class=\"wp-block-column is-layout-flow wp-block-column-is-layout-flow\" style=\"flex-basis:66.66%\">\n<p class=\"has-medium-font-size\">Kathryn Gates \u2013 Entrenadora de Instrucci\u00f3n<\/p>\n\n\n\n<p class=\"has-medium-font-size\">Kathryn ha estado trabajando con ni\u00f1os de edad preescolar en una variedad de entornos durante unos 20 a\u00f1os. La mitad de ese tiempo ha sido en Head Start of Yamhill County. Comenz\u00f3 su carrera en HSYC como Apoyo Familiar y ahora est\u00e1 comenzando su cuarto a\u00f1o como Entrenadora de Instrucci\u00f3n. Le gusta apoyar a las maestras y poder pasar tiempo en los salones. En casa le encanta leer y tejer; su familia siempre est\u00e1 buscando oportunidades para viajar, caminar y navegar en kayak.<\/p>\n<\/div>\n<\/div>\n\n\n\n<div class=\"wp-block-columns is-layout-flex wp-container-core-columns-is-layout-9d6595d7 wp-block-columns-is-layout-flex\">\n<div class=\"wp-block-column is-layout-flow wp-block-column-is-layout-flow\" style=\"flex-basis:33.33%\">\n<figure class=\"wp-block-image size-large is-resized\"><img loading=\"lazy\" decoding=\"async\" src=\"https:\/\/yamhill.demo.webriculture.com\/wp-content\/uploads\/2022\/10\/Michele-1.1-771x1024.jpg\" alt=\"\" class=\"wp-image-2784\" width=\"218\" height=\"289\" srcset=\"https:\/\/yamhill.demo.webriculture.com\/wp-content\/uploads\/2022\/10\/Michele-1.1-771x1024.jpg 771w, https:\/\/yamhill.demo.webriculture.com\/wp-content\/uploads\/2022\/10\/Michele-1.1-226x300.jpg 226w, https:\/\/yamhill.demo.webriculture.com\/wp-content\/uploads\/2022\/10\/Michele-1.1-768x1021.jpg 768w, https:\/\/yamhill.demo.webriculture.com\/wp-content\/uploads\/2022\/10\/Michele-1.1-1156x1536.jpg 1156w, https:\/\/yamhill.demo.webriculture.com\/wp-content\/uploads\/2022\/10\/Michele-1.1-1541x2048.jpg 1541w, https:\/\/yamhill.demo.webriculture.com\/wp-content\/uploads\/2022\/10\/Michele-1.1-9x12.jpg 9w, https:\/\/yamhill.demo.webriculture.com\/wp-content\/uploads\/2022\/10\/Michele-1.1-scaled.jpg 1926w\" sizes=\"auto, (max-width: 218px) 100vw, 218px\" \/><\/figure>\n<\/div>\n\n\n\n<div class=\"wp-block-column is-layout-flow wp-block-column-is-layout-flow\" style=\"flex-basis:66.66%\">\n<p class=\"has-medium-font-size\">Michele Gray \u2013 Coordinadora de Participaci\u00f3n de Padres<\/p>\n\n\n\n<p class=\"has-medium-font-size\">\u00a1Michele ha trabajado para Head Start of Yamhill County durante 18 a\u00f1os! El amor y la aceptaci\u00f3n que recibi\u00f3 de los maestros de Head Start de su hija (\u00a1hace 31 a\u00f1os!) la hizo darse cuenta de que alg\u00fan d\u00eda quer\u00eda trabajar para Head Start. Despu\u00e9s de ser maestra durante algunos a\u00f1os, se convirti\u00f3 en Apoyo Familiar y luego en Coordinadora de Participaci\u00f3n de Padres. Este rol le ha permitido crear\u00a0oportunidades para que los padres aprendan, crezcan y se involucren mientras sus hijos est\u00e1n inscritos en nuestro programa. \u201cEs tan maravilloso ser parte de una organizaci\u00f3n cuyo \u00fanico prop\u00f3sito es apoyar a los ni\u00f1os y las familias a medida que alcanzan su potencial\u201d.<\/p>\n<\/div>\n<\/div>\n\n\n\n<div class=\"wp-block-columns is-layout-flex wp-container-core-columns-is-layout-9d6595d7 wp-block-columns-is-layout-flex\">\n<div class=\"wp-block-column is-layout-flow wp-block-column-is-layout-flow\" style=\"flex-basis:33.33%\">\n<figure class=\"wp-block-image size-large is-resized\"><img loading=\"lazy\" decoding=\"async\" src=\"https:\/\/yamhill.demo.webriculture.com\/wp-content\/uploads\/2022\/09\/Tara-768x1024.jpg\" alt=\"\" class=\"wp-image-2658\" width=\"218\" height=\"290\" srcset=\"https:\/\/yamhill.demo.webriculture.com\/wp-content\/uploads\/2022\/09\/Tara-768x1024.jpg 768w, https:\/\/yamhill.demo.webriculture.com\/wp-content\/uploads\/2022\/09\/Tara-225x300.jpg 225w, https:\/\/yamhill.demo.webriculture.com\/wp-content\/uploads\/2022\/09\/Tara-9x12.jpg 9w, https:\/\/yamhill.demo.webriculture.com\/wp-content\/uploads\/2022\/09\/Tara.jpg 960w\" sizes=\"auto, (max-width: 218px) 100vw, 218px\" \/><\/figure>\n<\/div>\n\n\n\n<div class=\"wp-block-column is-layout-flow wp-block-column-is-layout-flow\" style=\"flex-basis:66.66%\">\n<p class=\"has-medium-font-size\">Tara Gray \u2013 Coordinadora de Servicios Especializados<\/p>\n\n\n\n<p class=\"has-medium-font-size\">Tara ha trabajado en varios programas de Head Start durante los \u00faltimos 8 a\u00f1os, sin embargo, est\u00e1 encantada de trabajar en HSYC para apoyar a la comunidad donde creci\u00f3. Tara cree en la misi\u00f3n de Head Start y que no hay mayor privilegio que ser parte de la educaci\u00f3n de los ni\u00f1os y sus familias. Ella es una orgullosa alumna de la Universidad Estatal de Oreg\u00f3n. Ocupa su tiempo fuera del trabajo en ser madre orgullosa en las gradas con su esposo y 4 hijos, viendo sus numerosos eventos deportivos.&nbsp;<\/p>\n<\/div>\n<\/div>\n\n\n\n<div class=\"wp-block-columns is-layout-flex wp-container-core-columns-is-layout-9d6595d7 wp-block-columns-is-layout-flex\">\n<div class=\"wp-block-column is-layout-flow wp-block-column-is-layout-flow\" style=\"flex-basis:33.33%\">\n<figure class=\"wp-block-image size-full is-resized\"><img loading=\"lazy\" decoding=\"async\" src=\"https:\/\/yamhill.demo.webriculture.com\/wp-content\/uploads\/2022\/09\/Melissa.jpg\" alt=\"\" class=\"wp-image-2662\" width=\"221\" height=\"295\"\/><\/figure>\n<\/div>\n\n\n\n<div class=\"wp-block-column is-layout-flow wp-block-column-is-layout-flow\" style=\"flex-basis:66.66%\">\n<p class=\"has-medium-font-size\">Melissa Ivey \u2013 Coordinadora de Servicios Familiares y Comunitarios<\/p>\n\n\n\n<p class=\"has-medium-font-size\">Melissa ha trabajado para HSYC por m\u00e1s de 20 a\u00f1os. Est\u00e1 casada y tiene 3 hijos adultos y 6 nietos. Sus dos hijos menores estaban inscritos en Head Start. \u201cMi experiencia y lo que aprend\u00ed mientras estaba en el programa me ayudaron a crecer para convertirme en un mejor padre. Al crecer en la pobreza y no tener la infancia m\u00e1s positiva, entiendo el impacto que el programa ha tenido en m\u00ed y en mi familia, que se extiende a mis nietos y, con suerte, a las pr\u00f3ximas generaciones\u201d.&nbsp; &nbsp;<\/p>\n<\/div>\n<\/div>\n\n\n\n<div class=\"wp-block-columns is-layout-flex wp-container-core-columns-is-layout-9d6595d7 wp-block-columns-is-layout-flex\">\n<div class=\"wp-block-column is-layout-flow wp-block-column-is-layout-flow\" style=\"flex-basis:33.33%\">\n<figure class=\"wp-block-image size-large is-resized\"><img loading=\"lazy\" decoding=\"async\" src=\"https:\/\/yamhill.demo.webriculture.com\/wp-content\/uploads\/2022\/09\/Cassie-768x1024.jpg\" alt=\"\" class=\"wp-image-2675\" width=\"221\" height=\"295\" srcset=\"https:\/\/yamhill.demo.webriculture.com\/wp-content\/uploads\/2022\/09\/Cassie-768x1024.jpg 768w, https:\/\/yamhill.demo.webriculture.com\/wp-content\/uploads\/2022\/09\/Cassie-225x300.jpg 225w, https:\/\/yamhill.demo.webriculture.com\/wp-content\/uploads\/2022\/09\/Cassie-1152x1536.jpg 1152w, https:\/\/yamhill.demo.webriculture.com\/wp-content\/uploads\/2022\/09\/Cassie-9x12.jpg 9w, https:\/\/yamhill.demo.webriculture.com\/wp-content\/uploads\/2022\/09\/Cassie-rotated.jpg 1500w\" sizes=\"auto, (max-width: 221px) 100vw, 221px\" \/><\/figure>\n<\/div>\n\n\n\n<div class=\"wp-block-column is-layout-flow wp-block-column-is-layout-flow\" style=\"flex-basis:66.66%\">\n<p class=\"has-medium-font-size\">Cassie MacPherson \u2013 Coordinadora de Salud y Nutrici\u00f3n<\/p>\n\n\n\n<p class=\"has-medium-font-size\">Cassie est\u00e1 en su segundo a\u00f1o como Coordinadora de Salud y Nutrici\u00f3n de HSYC. Durante los cuatro a\u00f1os anteriores, trabaj\u00f3 como maestra. Ha estado en el campo de la educaci\u00f3n infantil desde 2004. Fuera del trabajo, le encanta montar a caballo y andar a todoterreno con su familia.<\/p>\n<\/div>\n<\/div>\n\n\n\n<div class=\"wp-block-columns is-layout-flex wp-container-core-columns-is-layout-9d6595d7 wp-block-columns-is-layout-flex\">\n<div class=\"wp-block-column is-layout-flow wp-block-column-is-layout-flow\" style=\"flex-basis:33.33%\">\n<figure class=\"wp-block-image size-large is-resized\"><img loading=\"lazy\" decoding=\"async\" src=\"https:\/\/yamhill.demo.webriculture.com\/wp-content\/uploads\/2022\/10\/Shellie-3-683x1024.jpg\" alt=\"\" class=\"wp-image-2783\" width=\"223\" height=\"334\" srcset=\"https:\/\/yamhill.demo.webriculture.com\/wp-content\/uploads\/2022\/10\/Shellie-3-683x1024.jpg 683w, https:\/\/yamhill.demo.webriculture.com\/wp-content\/uploads\/2022\/10\/Shellie-3-200x300.jpg 200w, https:\/\/yamhill.demo.webriculture.com\/wp-content\/uploads\/2022\/10\/Shellie-3-768x1152.jpg 768w, https:\/\/yamhill.demo.webriculture.com\/wp-content\/uploads\/2022\/10\/Shellie-3-1024x1536.jpg 1024w, https:\/\/yamhill.demo.webriculture.com\/wp-content\/uploads\/2022\/10\/Shellie-3-1365x2048.jpg 1365w, https:\/\/yamhill.demo.webriculture.com\/wp-content\/uploads\/2022\/10\/Shellie-3-8x12.jpg 8w, https:\/\/yamhill.demo.webriculture.com\/wp-content\/uploads\/2022\/10\/Shellie-3-scaled.jpg 1707w\" sizes=\"auto, (max-width: 223px) 100vw, 223px\" \/><\/figure>\n<\/div>\n\n\n\n<div class=\"wp-block-column is-layout-flow wp-block-column-is-layout-flow\" style=\"flex-basis:66.66%\">\n<p class=\"has-medium-font-size\">Shellie Reyes - Especialista en Salud Mental<\/p>\n\n\n\n<p class=\"has-medium-font-size\">Shellie es una terapeuta matrimonial y familiar con licencia que ha estado trabajando con Head Start desde 2020. Es esposa y madre de cuatro hijos. Shellie disfruta estar al aire libre, bailar y jugar con su familia.&nbsp;<\/p>\n<\/div>\n<\/div>\n\n\n\n<div class=\"wp-block-columns is-layout-flex wp-container-core-columns-is-layout-9d6595d7 wp-block-columns-is-layout-flex\">\n<div class=\"wp-block-column is-layout-flow wp-block-column-is-layout-flow\" style=\"flex-basis:66.66%\"><\/div>\n\n\n\n<div class=\"wp-block-column is-layout-flow wp-block-column-is-layout-flow\" style=\"flex-basis:33.33%\"><\/div>\n<\/div>\n\n\n\n<div class=\"wp-block-columns is-layout-flex wp-container-core-columns-is-layout-9d6595d7 wp-block-columns-is-layout-flex\">\n<div class=\"wp-block-column is-layout-flow wp-block-column-is-layout-flow\" style=\"flex-basis:33.33%\"><\/div>\n<\/div>","protected":false},"excerpt":{"rendered":"<p>Suey Linzmeier &#8211; Executive Director Suey worked as a Family Educator and a Teacher at our Sheridan Center with kids who have now successfully graduated from high school. She also served as HSYC&#8217;s Early Head Start Coordinator with the implementation of the birth-to-5 Early Head Start program in 2009. Suey has been in her role &#8230; <a title=\"Nuestro Equipo\" class=\"read-more\" href=\"https:\/\/yamhill.demo.webriculture.com\/es\/our-team\/\" aria-label=\"More on Our Team\">Read more<\/a><\/p>","protected":false},"author":1,"featured_media":2644,"parent":0,"menu_order":0,"comment_status":"closed","ping_status":"closed","template":"","meta":{"footnotes":""},"class_list":["post-863","page","type-page","status-publish","has-post-thumbnail"],"featured_image_src":"https:\/\/yamhill.demo.webriculture.com\/wp-content\/uploads\/2022\/09\/Banner-6-3.jpg","_links":{"self":[{"href":"https:\/\/yamhill.demo.webriculture.com\/es\/wp-json\/wp\/v2\/pages\/863","targetHints":{"allow":["GET"]}}],"collection":[{"href":"https:\/\/yamhill.demo.webriculture.com\/es\/wp-json\/wp\/v2\/pages"}],"about":[{"href":"https:\/\/yamhill.demo.webriculture.com\/es\/wp-json\/wp\/v2\/types\/page"}],"author":[{"embeddable":true,"href":"https:\/\/yamhill.demo.webriculture.com\/es\/wp-json\/wp\/v2\/users\/1"}],"replies":[{"embeddable":true,"href":"https:\/\/yamhill.demo.webriculture.com\/es\/wp-json\/wp\/v2\/comments?post=863"}],"version-history":[{"count":10,"href":"https:\/\/yamhill.demo.webriculture.com\/es\/wp-json\/wp\/v2\/pages\/863\/revisions"}],"predecessor-version":[{"id":2785,"href":"https:\/\/yamhill.demo.webriculture.com\/es\/wp-json\/wp\/v2\/pages\/863\/revisions\/2785"}],"wp:featuredmedia":[{"embeddable":true,"href":"https:\/\/yamhill.demo.webriculture.com\/es\/wp-json\/wp\/v2\/media\/2644"}],"wp:attachment":[{"href":"https:\/\/yamhill.demo.webriculture.com\/es\/wp-json\/wp\/v2\/media?parent=863"}],"curies":[{"name":"wp","href":"https:\/\/api.w.org\/{rel}","templated":true}]}}