{"id":66,"date":"2022-04-28T14:45:58","date_gmt":"2022-04-28T21:45:58","guid":{"rendered":"https:\/\/beta2.swrforum.com\/?page_id=66"},"modified":"2022-09-12T16:10:13","modified_gmt":"2022-09-12T23:10:13","slug":"welcome-to-hsyc","status":"publish","type":"page","link":"https:\/\/yamhill.demo.webriculture.com\/es\/welcome-to-hsyc\/","title":{"rendered":"Bienvenido a HSYC"},"content":{"rendered":"<div style=\"height:50px\" aria-hidden=\"true\" class=\"wp-block-spacer\"><\/div>\n\n\n\n<h1 class=\"wp-block-heading\">\u00a1Bienvenido!<\/h1>\n\n\n<div class=\"gb-container gb-container-376b2ce4\"><div class=\"gb-inside-container\">\n\n<div style=\"height:50px\" aria-hidden=\"true\" class=\"wp-block-spacer\"><\/div>\n\n\n<div class=\"gb-container gb-container-518dc5b8\"><div class=\"gb-inside-container\">\n<div class=\"gb-grid-wrapper gb-grid-wrapper-7fcd3687\">\n<div class=\"gb-grid-column gb-grid-column-8192dd9d\"><div class=\"gb-container gb-container-8192dd9d\"><div class=\"gb-inside-container\">\n\n<h2 class=\"wp-block-heading\"><strong>Nuestro proposito<\/strong><\/h2>\n\n\n\n<p class=\"has-medium-font-size\">Head Start of Yamhill County provee servicios para ni\u00f1os en un programa comprensivo de edad temprana y enfocado en la familia. Nuestro programa prescolar es para ni\u00f1os de tres a cinco a\u00f1os de edad. Nuestro programa de Early Head Start provee servicios para madres embarazadas, beb\u00e9s, y ni\u00f1os de hasta tres a\u00f1os. Las familias son elegibles para nuestros programas si cumplen con las Pautas Federales de Pobreza, reciben apoyo p\u00fablico, tienen un ni\u00f1o en cuidado de crianza (foster care) y\/o cumplen con ciertos criterios de situaci\u00f3n de vivienda.<\/p>\n\n\n\n<p class=\"has-medium-font-size\">El fundamento de nuestro programa es la participaci\u00f3n de padres y su educaci\u00f3n, las cuales son vitales para cumplir la meta nacional que Head Start tiene de que los ni\u00f1os de familias de bajos recursos alcanzen la competencia social. Somos una organizacion de desarollo humano. \u00a1Ayudamos a las familias a tener exito!<\/p>\n\n<\/div><\/div><\/div>\n\n<div class=\"gb-grid-column gb-grid-column-a387bb23\"><div class=\"gb-container gb-container-a387bb23\"><div class=\"gb-inside-container\">\n\n<figure class=\"wp-block-image size-large\"><img loading=\"lazy\" decoding=\"async\" width=\"705\" height=\"1024\" src=\"https:\/\/yamhill.demo.webriculture.com\/wp-content\/uploads\/2022\/09\/20210929_121646-2-705x1024.jpg\" alt=\"\" class=\"wp-image-2593\" srcset=\"https:\/\/yamhill.demo.webriculture.com\/wp-content\/uploads\/2022\/09\/20210929_121646-2-705x1024.jpg 705w, https:\/\/yamhill.demo.webriculture.com\/wp-content\/uploads\/2022\/09\/20210929_121646-2-207x300.jpg 207w, https:\/\/yamhill.demo.webriculture.com\/wp-content\/uploads\/2022\/09\/20210929_121646-2-768x1115.jpg 768w, https:\/\/yamhill.demo.webriculture.com\/wp-content\/uploads\/2022\/09\/20210929_121646-2-1058x1536.jpg 1058w, https:\/\/yamhill.demo.webriculture.com\/wp-content\/uploads\/2022\/09\/20210929_121646-2-1410x2048.jpg 1410w, https:\/\/yamhill.demo.webriculture.com\/wp-content\/uploads\/2022\/09\/20210929_121646-2-8x12.jpg 8w, https:\/\/yamhill.demo.webriculture.com\/wp-content\/uploads\/2022\/09\/20210929_121646-2-scaled.jpg 1763w\" sizes=\"auto, (max-width: 705px) 100vw, 705px\" \/><\/figure>\n\n<\/div><\/div><\/div>\n<\/div>\n<\/div><\/div>\n\n<div class=\"gb-container gb-container-d1fbc5bb\"><div class=\"gb-inside-container\">\n<div class=\"gb-grid-wrapper gb-grid-wrapper-5e418207 flex-mobile-column-reverse\">\n<div class=\"gb-grid-column gb-grid-column-db5d6352\"><div class=\"gb-container gb-container-db5d6352\"><div class=\"gb-inside-container\">\n\n<figure class=\"wp-block-image size-large\"><img loading=\"lazy\" decoding=\"async\" width=\"1024\" height=\"683\" src=\"https:\/\/yamhill.demo.webriculture.com\/wp-content\/uploads\/2022\/09\/DSC_0480-1024x683.jpg\" alt=\"\" class=\"wp-image-2595\" srcset=\"https:\/\/yamhill.demo.webriculture.com\/wp-content\/uploads\/2022\/09\/DSC_0480-1024x683.jpg 1024w, https:\/\/yamhill.demo.webriculture.com\/wp-content\/uploads\/2022\/09\/DSC_0480-300x200.jpg 300w, https:\/\/yamhill.demo.webriculture.com\/wp-content\/uploads\/2022\/09\/DSC_0480-768x512.jpg 768w, https:\/\/yamhill.demo.webriculture.com\/wp-content\/uploads\/2022\/09\/DSC_0480-1536x1024.jpg 1536w, https:\/\/yamhill.demo.webriculture.com\/wp-content\/uploads\/2022\/09\/DSC_0480-2048x1365.jpg 2048w, https:\/\/yamhill.demo.webriculture.com\/wp-content\/uploads\/2022\/09\/DSC_0480-18x12.jpg 18w\" sizes=\"auto, (max-width: 1024px) 100vw, 1024px\" \/><\/figure>\n\n<\/div><\/div><\/div>\n\n<div class=\"gb-grid-column gb-grid-column-4946cfaf\"><div class=\"gb-container gb-container-4946cfaf\"><div class=\"gb-inside-container\">\n\n<h2 class=\"wp-block-heading\"><strong>Nuestra historia<\/strong><\/h2>\n\n\n\n<p class=\"has-medium-font-size\">Since 1985 HSYC has implemented effective program governance, shared decision making, parent involvement, and high-quality services for children and families. We currently serve 360 children age 3-5 in the Head Start program and 150 expecting moms and children age 0-3 in the Early Head Start program.<\/p>\n\n<\/div><\/div><\/div>\n<\/div>\n<\/div><\/div>\n\n<div class=\"gb-container gb-container-6602e520\"><div class=\"gb-inside-container\">\n<div class=\"gb-grid-wrapper gb-grid-wrapper-d217e01f\">\n<div class=\"gb-grid-column gb-grid-column-1257899a\"><div class=\"gb-container gb-container-1257899a\"><div class=\"gb-inside-container\">\n\n<h2 class=\"wp-block-heading\"><strong>Nuestra misi\u00f3n<\/strong><\/h2>\n\n\n\n<p class=\"has-medium-font-size\">Estamos comprometidos a ser una comunidad de aprendizaje \u00e9xitosa que incluye:<\/p>\n\n\n<div style=\"padding-left: 1.1em; text-align: left; --ub-list-item-icon-top: 3px;; --ub-list-item-icon-size: 0.9em; --ub-list-item-background-image: url('data:image\/svg+xml;utf8,&lt;svg xmlns=&quot;http:\/\/www.w3.org\/2000\/svg&quot; viewBox=&quot;0 0 256 512&quot;&gt;&lt;path fill=&quot;%23000000&quot; d=&quot;M246.6 233.4c12.5 12.5 12.5 32.8 0 45.3l-160 160c-12.5 12.5-32.8 12.5-45.3 0s-12.5-32.8 0-45.3L178.7 256 41.4 118.6c-12.5-12.5-12.5-32.8 0-45.3s32.8-12.5 45.3 0l160 160z&quot;&gt;&lt;\/path&gt;&lt;\/svg&gt;'); --ub-list-item-fa-li-top: 3px; \" class=\"wp-block-ub-styled-list ub_styled_list_sublist\" id=\"ub_styled_list-1aeaa4c2-f0c2-4fc0-98c9-70e386740449\"><ul class=\"fa-ul\"><li>Una asociaci\u00f3n con los padres y sus ni\u00f1os<\/li><li>Celebraci\u00f3n la diversidad<\/li><li>an atmosphere of support, respect, and trust;<\/li><\/ul><\/div>\n\n\n<p class=\"has-medium-font-size\">Donde cada persona se siente segura y como parte de la comunidad.<\/p>\n\n<\/div><\/div><\/div>\n\n<div class=\"gb-grid-column gb-grid-column-d12129cb\"><div class=\"gb-container gb-container-d12129cb\"><div class=\"gb-inside-container\">\n\n<figure class=\"wp-block-image size-large\"><img loading=\"lazy\" decoding=\"async\" width=\"1024\" height=\"599\" src=\"https:\/\/yamhill.demo.webriculture.com\/wp-content\/uploads\/2022\/09\/PXL_20220608_165154312-2-1024x599.jpg\" alt=\"\" class=\"wp-image-2596\" srcset=\"https:\/\/yamhill.demo.webriculture.com\/wp-content\/uploads\/2022\/09\/PXL_20220608_165154312-2-1024x599.jpg 1024w, https:\/\/yamhill.demo.webriculture.com\/wp-content\/uploads\/2022\/09\/PXL_20220608_165154312-2-300x176.jpg 300w, https:\/\/yamhill.demo.webriculture.com\/wp-content\/uploads\/2022\/09\/PXL_20220608_165154312-2-768x450.jpg 768w, https:\/\/yamhill.demo.webriculture.com\/wp-content\/uploads\/2022\/09\/PXL_20220608_165154312-2-1536x899.jpg 1536w, https:\/\/yamhill.demo.webriculture.com\/wp-content\/uploads\/2022\/09\/PXL_20220608_165154312-2-2048x1199.jpg 2048w, https:\/\/yamhill.demo.webriculture.com\/wp-content\/uploads\/2022\/09\/PXL_20220608_165154312-2-18x12.jpg 18w\" sizes=\"auto, (max-width: 1024px) 100vw, 1024px\" \/><\/figure>\n\n<\/div><\/div><\/div>\n<\/div>\n<\/div><\/div>\n\n<div class=\"gb-container gb-container-acaabf7f\"><div class=\"gb-inside-container\">\n<div class=\"gb-grid-wrapper gb-grid-wrapper-4fa4247c flex-mobile-column-reverse\">\n<div class=\"gb-grid-column gb-grid-column-1196ce49\"><div class=\"gb-container gb-container-1196ce49\"><div class=\"gb-inside-container\">\n\n<figure class=\"wp-block-image size-large\"><img loading=\"lazy\" decoding=\"async\" width=\"1024\" height=\"683\" src=\"https:\/\/yamhill.demo.webriculture.com\/wp-content\/uploads\/2022\/09\/DSC_0861-1024x683.jpg\" alt=\"\" class=\"wp-image-2597\" srcset=\"https:\/\/yamhill.demo.webriculture.com\/wp-content\/uploads\/2022\/09\/DSC_0861-1024x683.jpg 1024w, https:\/\/yamhill.demo.webriculture.com\/wp-content\/uploads\/2022\/09\/DSC_0861-300x200.jpg 300w, https:\/\/yamhill.demo.webriculture.com\/wp-content\/uploads\/2022\/09\/DSC_0861-768x512.jpg 768w, https:\/\/yamhill.demo.webriculture.com\/wp-content\/uploads\/2022\/09\/DSC_0861-1536x1024.jpg 1536w, https:\/\/yamhill.demo.webriculture.com\/wp-content\/uploads\/2022\/09\/DSC_0861-2048x1365.jpg 2048w, https:\/\/yamhill.demo.webriculture.com\/wp-content\/uploads\/2022\/09\/DSC_0861-18x12.jpg 18w\" sizes=\"auto, (max-width: 1024px) 100vw, 1024px\" \/><\/figure>\n\n<\/div><\/div><\/div>\n\n<div class=\"gb-grid-column gb-grid-column-03d8fbd4\"><div class=\"gb-container gb-container-03d8fbd4\"><div class=\"gb-inside-container\">\n\n<h2 class=\"wp-block-heading\"><strong>Nuestra vision<\/strong><\/h2>\n\n\n\n<p class=\"has-medium-font-size\">Las familias y ni\u00f1os desde el nacimiento hasta los cinco a\u00f1os est\u00e1n preparados para convertirse en aprendices de por vida en un ambiente seguro y saludable.<\/p>\n\n\n\n<p class=\"has-medium-font-size\">Las familias y la comunidad se comprometen a apoyar y promover el desarrollo saludable, la preparaci\u00f3n escolar, y el bienestar de los ni\u00f1os peque\u00f1os y las familias con ni\u00f1os peque\u00f1os.<\/p>\n\n<\/div><\/div><\/div>\n<\/div>\n<\/div><\/div>\n\n<div class=\"gb-container gb-container-10e62b51\"><div class=\"gb-inside-container\">\n<div class=\"gb-grid-wrapper gb-grid-wrapper-c64d5675\">\n<div class=\"gb-grid-column gb-grid-column-cc3700e0\"><div class=\"gb-container gb-container-cc3700e0\"><div class=\"gb-inside-container\">\n\n<h2 class=\"wp-block-heading\"><strong>Nuestra filosof\u00eda<\/strong><\/h2>\n\n\n\n<p class=\"has-medium-font-size\">Head Start ayuda a identificar oportunidades para el \u00e9xito. Brindamos un enfoque exhaustivo y robusto de servicios para atender mejor a los m\u00e1s vulnerables de nuestra comunidad. Lo logramos al construir sobre fortalezas y relaciones respetuosas, y esforz\u00e1ndonos por inculcar un amor por el aprendizaje de por vida para todos.<\/p>\n\n<\/div><\/div><\/div>\n\n<div class=\"gb-grid-column gb-grid-column-818380a8\"><div class=\"gb-container gb-container-818380a8\"><div class=\"gb-inside-container\">\n\n<figure class=\"wp-block-image size-large\"><img loading=\"lazy\" decoding=\"async\" width=\"1024\" height=\"658\" src=\"https:\/\/yamhill.demo.webriculture.com\/wp-content\/uploads\/2022\/09\/20220513_114354-1024x658.jpg\" alt=\"\" class=\"wp-image-2598\" srcset=\"https:\/\/yamhill.demo.webriculture.com\/wp-content\/uploads\/2022\/09\/20220513_114354-1024x658.jpg 1024w, https:\/\/yamhill.demo.webriculture.com\/wp-content\/uploads\/2022\/09\/20220513_114354-300x193.jpg 300w, https:\/\/yamhill.demo.webriculture.com\/wp-content\/uploads\/2022\/09\/20220513_114354-768x494.jpg 768w, https:\/\/yamhill.demo.webriculture.com\/wp-content\/uploads\/2022\/09\/20220513_114354-1536x987.jpg 1536w, https:\/\/yamhill.demo.webriculture.com\/wp-content\/uploads\/2022\/09\/20220513_114354-2048x1316.jpg 2048w, https:\/\/yamhill.demo.webriculture.com\/wp-content\/uploads\/2022\/09\/20220513_114354-18x12.jpg 18w\" sizes=\"auto, (max-width: 1024px) 100vw, 1024px\" \/><\/figure>\n\n<\/div><\/div><\/div>\n<\/div>\n<\/div><\/div>\n<\/div><\/div>","protected":false},"excerpt":{"rendered":"<p>\u00a1Bienvenido!<\/p>","protected":false},"author":1,"featured_media":2649,"parent":0,"menu_order":0,"comment_status":"closed","ping_status":"closed","template":"","meta":{"footnotes":""},"class_list":["post-66","page","type-page","status-publish","has-post-thumbnail"],"featured_image_src":"https:\/\/yamhill.demo.webriculture.com\/wp-content\/uploads\/2022\/09\/Banner-11.1-2-scaled.jpg","_links":{"self":[{"href":"https:\/\/yamhill.demo.webriculture.com\/es\/wp-json\/wp\/v2\/pages\/66","targetHints":{"allow":["GET"]}}],"collection":[{"href":"https:\/\/yamhill.demo.webriculture.com\/es\/wp-json\/wp\/v2\/pages"}],"about":[{"href":"https:\/\/yamhill.demo.webriculture.com\/es\/wp-json\/wp\/v2\/types\/page"}],"author":[{"embeddable":true,"href":"https:\/\/yamhill.demo.webriculture.com\/es\/wp-json\/wp\/v2\/users\/1"}],"replies":[{"embeddable":true,"href":"https:\/\/yamhill.demo.webriculture.com\/es\/wp-json\/wp\/v2\/comments?post=66"}],"version-history":[{"count":24,"href":"https:\/\/yamhill.demo.webriculture.com\/es\/wp-json\/wp\/v2\/pages\/66\/revisions"}],"predecessor-version":[{"id":2908,"href":"https:\/\/yamhill.demo.webriculture.com\/es\/wp-json\/wp\/v2\/pages\/66\/revisions\/2908"}],"wp:featuredmedia":[{"embeddable":true,"href":"https:\/\/yamhill.demo.webriculture.com\/es\/wp-json\/wp\/v2\/media\/2649"}],"wp:attachment":[{"href":"https:\/\/yamhill.demo.webriculture.com\/es\/wp-json\/wp\/v2\/media?parent=66"}],"curies":[{"name":"wp","href":"https:\/\/api.w.org\/{rel}","templated":true}]}}