{"id":1958,"date":"2022-06-17T13:21:49","date_gmt":"2022-06-17T20:21:49","guid":{"rendered":"https:\/\/yamhill.demo.webriculture.com\/?page_id=1958"},"modified":"2022-10-03T14:57:09","modified_gmt":"2022-10-03T21:57:09","slug":"early-head-start","status":"publish","type":"page","link":"https:\/\/yamhill.demo.webriculture.com\/es\/early-head-start\/","title":{"rendered":"Early Head Start"},"content":{"rendered":"<div style=\"height:50px\" aria-hidden=\"true\" class=\"wp-block-spacer\"><\/div>\n\n\n\n<h1 class=\"wp-block-heading\">Early Head Start<\/h1>\n\n\n\n<p>Early Head Start es un programa gratuito durante todo el a\u00f1o para ni\u00f1os desde el nacimiento hasta los 3 a\u00f1os y madres embarazadas. El programa est\u00e1 destinado a nutrir y apoyar fuertes lazos entre padres e hijos y ayudar a los ni\u00f1os peque\u00f1os a crecer y desarrollarse.<\/p>\n\n\n<div class=\"gb-container gb-container-331271f7\"><div class=\"gb-inside-container\">\n<div class=\"gb-grid-wrapper gb-grid-wrapper-ad3e776b\">\n<div class=\"gb-grid-column gb-grid-column-78956b56\"><div class=\"gb-container gb-container-78956b56\"><div class=\"gb-inside-container\">\n\n<figure class=\"wp-block-image size-large is-resized\"><img loading=\"lazy\" decoding=\"async\" src=\"https:\/\/yamhill.demo.webriculture.com\/wp-content\/uploads\/2022\/09\/Jaycee1-768x1024.jpg\" alt=\"\" class=\"wp-image-2605\" width=\"370\" height=\"492\" srcset=\"https:\/\/yamhill.demo.webriculture.com\/wp-content\/uploads\/2022\/09\/Jaycee1-768x1024.jpg 768w, https:\/\/yamhill.demo.webriculture.com\/wp-content\/uploads\/2022\/09\/Jaycee1-225x300.jpg 225w, https:\/\/yamhill.demo.webriculture.com\/wp-content\/uploads\/2022\/09\/Jaycee1-1152x1536.jpg 1152w, https:\/\/yamhill.demo.webriculture.com\/wp-content\/uploads\/2022\/09\/Jaycee1-1536x2048.jpg 1536w, https:\/\/yamhill.demo.webriculture.com\/wp-content\/uploads\/2022\/09\/Jaycee1-9x12.jpg 9w, https:\/\/yamhill.demo.webriculture.com\/wp-content\/uploads\/2022\/09\/Jaycee1-scaled.jpg 1920w\" sizes=\"auto, (max-width: 370px) 100vw, 370px\" \/><\/figure>\n\n<\/div><\/div><\/div>\n\n<div class=\"gb-grid-column gb-grid-column-53bdaec2\"><div class=\"gb-container gb-container-53bdaec2\"><div class=\"gb-inside-container\">\n\n<h2 class=\"wp-block-heading\"><strong>Programa<\/strong> <strong>basado en el hogar<\/strong><\/h2>\n\n\n\n<p class=\"has-medium-font-size\">Las familias reciben una visita domiciliaria semanal de un educador familiar que est\u00e1 all\u00ed para brindar informaci\u00f3n sobre el desarrollo infantil y los recursos para la familia.<\/p>\n\n\n<div class=\"gb-button-wrapper gb-button-wrapper-c7403efd\">\n\n<a class=\"gb-button gb-button-f442a9d2 gb-button-text\" href=\"\/es\/enrollment-application\/\">Aplicar para mi hijo(a)<\/a>\n\n<\/div>\n<\/div><\/div><\/div>\n<\/div>\n<\/div><\/div>\n\n<div class=\"gb-container gb-container-510a7b46\"><div class=\"gb-inside-container\">\n<div class=\"gb-grid-wrapper gb-grid-wrapper-8630a249 flex-mobile-column-reverse\">\n<div class=\"gb-grid-column gb-grid-column-7fb74f4f\"><div class=\"gb-container gb-container-7fb74f4f\"><div class=\"gb-inside-container\">\n\n<h2 class=\"wp-block-heading\"><strong>Programa combinado y<strong> basado en el hogar<\/strong><\/strong><\/h2>\n\n\n\n<p class=\"has-medium-font-size\">Adem\u00e1s de las visitas domiciliarias, ofrecemos para los ni\u00f1os de 2 a 3 a\u00f1os de edad la oportunidad de una experiencia en el sal\u00f3n de clases los viernes durante 3 horas y media. Esta experiencia les ayuda a estar listos para unirse al sal\u00f3n de clases una vez que hagan la transici\u00f3n al programa preescolar.<\/p>\n\n\n<div class=\"gb-button-wrapper gb-button-wrapper-042eed98\">\n\n<a class=\"gb-button gb-button-2f7fe452 gb-button-text\" href=\"\/es\/enrollment-application\/\">Aplicar para mi hijo(a)<\/a>\n\n<\/div>\n<\/div><\/div><\/div>\n\n<div class=\"gb-grid-column gb-grid-column-5b24d5f9\"><div class=\"gb-container gb-container-5b24d5f9\"><div class=\"gb-inside-container\">\n\n<figure class=\"wp-block-image size-large\"><img loading=\"lazy\" decoding=\"async\" width=\"1024\" height=\"558\" src=\"https:\/\/yamhill.demo.webriculture.com\/wp-content\/uploads\/2022\/09\/IMG_2332-3-1-1024x558.jpg\" alt=\"\" class=\"wp-image-2603\" srcset=\"https:\/\/yamhill.demo.webriculture.com\/wp-content\/uploads\/2022\/09\/IMG_2332-3-1-1024x558.jpg 1024w, https:\/\/yamhill.demo.webriculture.com\/wp-content\/uploads\/2022\/09\/IMG_2332-3-1-300x163.jpg 300w, https:\/\/yamhill.demo.webriculture.com\/wp-content\/uploads\/2022\/09\/IMG_2332-3-1-768x418.jpg 768w, https:\/\/yamhill.demo.webriculture.com\/wp-content\/uploads\/2022\/09\/IMG_2332-3-1-1536x837.jpg 1536w, https:\/\/yamhill.demo.webriculture.com\/wp-content\/uploads\/2022\/09\/IMG_2332-3-1-2048x1116.jpg 2048w, https:\/\/yamhill.demo.webriculture.com\/wp-content\/uploads\/2022\/09\/IMG_2332-3-1-18x10.jpg 18w\" sizes=\"auto, (max-width: 1024px) 100vw, 1024px\" \/><\/figure>\n\n<\/div><\/div><\/div>\n<\/div>\n<\/div><\/div>\n\n<div class=\"gb-container gb-container-70ee79f0\"><div class=\"gb-inside-container\">\n<div class=\"gb-grid-wrapper gb-grid-wrapper-762da8d0\">\n<div class=\"gb-grid-column gb-grid-column-30d334d9\"><div class=\"gb-container gb-container-30d334d9\"><div class=\"gb-inside-container\">\n\n<figure class=\"wp-block-image size-large is-resized\"><img loading=\"lazy\" decoding=\"async\" src=\"https:\/\/yamhill.demo.webriculture.com\/wp-content\/uploads\/2022\/09\/earlylearning-1024x901.jpeg\" alt=\"\" class=\"wp-image-2696\" width=\"376\" height=\"331\" srcset=\"https:\/\/yamhill.demo.webriculture.com\/wp-content\/uploads\/2022\/09\/earlylearning-1024x901.jpeg 1024w, https:\/\/yamhill.demo.webriculture.com\/wp-content\/uploads\/2022\/09\/earlylearning-300x264.jpeg 300w, https:\/\/yamhill.demo.webriculture.com\/wp-content\/uploads\/2022\/09\/earlylearning-768x676.jpeg 768w, https:\/\/yamhill.demo.webriculture.com\/wp-content\/uploads\/2022\/09\/earlylearning-1536x1352.jpeg 1536w, https:\/\/yamhill.demo.webriculture.com\/wp-content\/uploads\/2022\/09\/earlylearning-14x12.jpeg 14w, https:\/\/yamhill.demo.webriculture.com\/wp-content\/uploads\/2022\/09\/earlylearning.jpeg 1920w\" sizes=\"auto, (max-width: 376px) 100vw, 376px\" \/><\/figure>\n\n<\/div><\/div><\/div>\n\n<div class=\"gb-grid-column gb-grid-column-70e2bfef\"><div class=\"gb-container gb-container-70e2bfef\"><div class=\"gb-inside-container\">\n\n<h2 class=\"wp-block-heading\"><strong>Programa prenatal<\/strong><\/h2>\n\n\n\n<p class=\"has-medium-font-size\">Las futuras mam\u00e1s reciben educaci\u00f3n y apoyo durante sus visitas de embarazo y posparto para garantizar el bienestar del beb\u00e9, la madre y la familia. El reci\u00e9n nacido se inscribe autom\u00e1ticamente en nuestro programa Early Head Start despu\u00e9s del nacimiento.<\/p>\n\n\n<div class=\"gb-button-wrapper gb-button-wrapper-8f0d7ba1\">\n\n<a class=\"gb-button gb-button-54f891ed gb-button-text\" href=\"\/es\/enrollment-application\/\">Inscribirme<\/a>\n\n<\/div>\n<\/div><\/div><\/div>\n<\/div>\n<\/div><\/div>","protected":false},"excerpt":{"rendered":"<p>Early Head Start Our Early Head Start program is a free year-round program for children ages birth to 3 years and pregnant moms. The program is intended to nurture and support strong parent\/ child bonds and help young children grow and develop.<\/p>","protected":false},"author":1,"featured_media":2624,"parent":0,"menu_order":0,"comment_status":"closed","ping_status":"closed","template":"","meta":{"footnotes":""},"class_list":["post-1958","page","type-page","status-publish","has-post-thumbnail"],"featured_image_src":"https:\/\/yamhill.demo.webriculture.com\/wp-content\/uploads\/2022\/09\/Banner-15-2-scaled.jpg","_links":{"self":[{"href":"https:\/\/yamhill.demo.webriculture.com\/es\/wp-json\/wp\/v2\/pages\/1958","targetHints":{"allow":["GET"]}}],"collection":[{"href":"https:\/\/yamhill.demo.webriculture.com\/es\/wp-json\/wp\/v2\/pages"}],"about":[{"href":"https:\/\/yamhill.demo.webriculture.com\/es\/wp-json\/wp\/v2\/types\/page"}],"author":[{"embeddable":true,"href":"https:\/\/yamhill.demo.webriculture.com\/es\/wp-json\/wp\/v2\/users\/1"}],"replies":[{"embeddable":true,"href":"https:\/\/yamhill.demo.webriculture.com\/es\/wp-json\/wp\/v2\/comments?post=1958"}],"version-history":[{"count":11,"href":"https:\/\/yamhill.demo.webriculture.com\/es\/wp-json\/wp\/v2\/pages\/1958\/revisions"}],"predecessor-version":[{"id":2721,"href":"https:\/\/yamhill.demo.webriculture.com\/es\/wp-json\/wp\/v2\/pages\/1958\/revisions\/2721"}],"wp:featuredmedia":[{"embeddable":true,"href":"https:\/\/yamhill.demo.webriculture.com\/es\/wp-json\/wp\/v2\/media\/2624"}],"wp:attachment":[{"href":"https:\/\/yamhill.demo.webriculture.com\/es\/wp-json\/wp\/v2\/media?parent=1958"}],"curies":[{"name":"wp","href":"https:\/\/api.w.org\/{rel}","templated":true}]}}