{"id":1956,"date":"2022-06-17T13:18:45","date_gmt":"2022-06-17T20:18:45","guid":{"rendered":"https:\/\/yamhill.demo.webriculture.com\/?page_id=1956"},"modified":"2022-10-12T09:59:15","modified_gmt":"2022-10-12T16:59:15","slug":"head-start","status":"publish","type":"page","link":"https:\/\/yamhill.demo.webriculture.com\/es\/head-start\/","title":{"rendered":"Head Start"},"content":{"rendered":"<div style=\"height:50px\" aria-hidden=\"true\" class=\"wp-block-spacer\"><\/div>\n\n\n\n<h1 class=\"wp-block-heading\">Head Start<\/h1>\n\n\n<div class=\"gb-container gb-container-88c3ecf5\"><div class=\"gb-inside-container\">\n<div class=\"gb-grid-wrapper gb-grid-wrapper-c6283545\">\n<div class=\"gb-grid-column gb-grid-column-cbd8291a\"><div class=\"gb-container gb-container-cbd8291a\"><div class=\"gb-inside-container\">\n\n<figure class=\"wp-block-image size-full is-resized\"><img loading=\"lazy\" decoding=\"async\" src=\"https:\/\/yamhill.demo.webriculture.com\/wp-content\/uploads\/2022\/08\/MD4-3.10.22-Higher-Learning-2.jpg\" alt=\"\" class=\"wp-image-2516\" width=\"438\" height=\"463\" srcset=\"https:\/\/yamhill.demo.webriculture.com\/wp-content\/uploads\/2022\/08\/MD4-3.10.22-Higher-Learning-2.jpg 955w, https:\/\/yamhill.demo.webriculture.com\/wp-content\/uploads\/2022\/08\/MD4-3.10.22-Higher-Learning-2-283x300.jpg 283w, https:\/\/yamhill.demo.webriculture.com\/wp-content\/uploads\/2022\/08\/MD4-3.10.22-Higher-Learning-2-768x814.jpg 768w, https:\/\/yamhill.demo.webriculture.com\/wp-content\/uploads\/2022\/08\/MD4-3.10.22-Higher-Learning-2-11x12.jpg 11w\" sizes=\"auto, (max-width: 438px) 100vw, 438px\" \/><\/figure>\n\n<\/div><\/div><\/div>\n\n<div class=\"gb-grid-column gb-grid-column-08b1d571\"><div class=\"gb-container gb-container-08b1d571\"><div class=\"gb-inside-container\">\n\n<h2 class=\"wp-block-heading\"><strong>Head Start<\/strong><\/h2>\n\n\n\n<p class=\"has-text-align-left\" style=\"font-size:24px\">Nuestro programa preescolar es un programa gratuito para ni\u00f1os de 3 a 5 a\u00f1os que se enfoca en preparar a los ni\u00f1os para el \u00e9xito en la escuela y en la vida. A trav\u00e9s de un enfoque multidisciplinario, brindamos oportunidades pr\u00e1cticas para que los ni\u00f1os exploren, aprendan y crezcan.<\/p>\n\n<\/div><\/div><\/div>\n<\/div>\n<\/div><\/div>\n\n<div class=\"gb-container gb-container-1b189c01\"><div class=\"gb-inside-container\">\n<div class=\"gb-grid-wrapper gb-grid-wrapper-e8dcd4aa\">\n<div class=\"gb-grid-column gb-grid-column-3d503f9d\"><div class=\"gb-container gb-container-3d503f9d\"><div class=\"gb-inside-container\">\n\n<h3 class=\"has-text-align-center wp-block-heading\">Opci\u00f3n de d\u00eda completo<\/h3>\n\n\n\n<p class=\"has-text-align-center\">Nuestra opci\u00f3n de d\u00eda completo se ofrece durante 9 meses o durante todo el a\u00f1o. Son 6 horas al d\u00eda, de lunes a jueves. Vea un ejemplo de horario a continuaci\u00f3n.<\/p>\n\n\n\n<div class=\"wp-block-file\"><a id=\"wp-block-file--media-25f5551d-8457-48f0-8bb6-c22c2f9c744c\" href=\"https:\/\/yamhill.demo.webriculture.com\/wp-content\/uploads\/2022\/07\/6-hour-class-schedule.pdf\" target=\"_blank\" rel=\"noreferrer noopener\">Ejemplo de horario de clases de 6 horas<br><\/a><\/div>\n\n\n<div class=\"gb-button-wrapper gb-button-wrapper-7919d240\">\n\n<a class=\"gb-button gb-button-9d8f9ba3 gb-button-text\" href=\"\/es\/enrollment-application\/\">Inscribir a mi hijo<\/a>\n\n<\/div>\n<\/div><\/div><\/div>\n\n<div class=\"gb-grid-column gb-grid-column-230169c8\"><div class=\"gb-container gb-container-230169c8\"><div class=\"gb-inside-container\">\n\n<h3 class=\"has-text-align-center wp-block-heading\">Opci\u00f3n de medio d\u00eda<\/h3>\n\n\n\n<p class=\"has-text-align-center\">Nuestra opci\u00f3n de medio d\u00eda sigue el calendario del distrito escolar. Son 4 horas al d\u00eda por la ma\u00f1ana o por la tarde, de lunes a jueves. Vea un ejemplo de horario a continuaci\u00f3n.<\/p>\n\n\n\n<div class=\"wp-block-file\"><a id=\"wp-block-file--media-fdec2fe3-50a4-4a64-ac30-a3d893511128\" href=\"https:\/\/yamhill.demo.webriculture.com\/wp-content\/uploads\/2022\/07\/4-hour-class-schedule.pdf\" target=\"_blank\" rel=\"noreferrer noopener\">Ejemplo de horario de clases de 4 horas<br><\/a><\/div>\n\n\n<div class=\"gb-button-wrapper gb-button-wrapper-9e619b99\">\n\n<a class=\"gb-button gb-button-5ad445fb gb-button-text\" href=\"\/es\/enrollment-application\/\">Inscribir a mi hijo<\/a>\n\n<\/div>\n<\/div><\/div><\/div>\n<\/div>\n<\/div><\/div>","protected":false},"excerpt":{"rendered":"<p>Head Start<\/p>","protected":false},"author":1,"featured_media":2719,"parent":0,"menu_order":0,"comment_status":"closed","ping_status":"closed","template":"","meta":{"footnotes":""},"class_list":["post-1956","page","type-page","status-publish","has-post-thumbnail"],"featured_image_src":"https:\/\/yamhill.demo.webriculture.com\/wp-content\/uploads\/2022\/10\/Banner-3-3-scaled.jpg","_links":{"self":[{"href":"https:\/\/yamhill.demo.webriculture.com\/es\/wp-json\/wp\/v2\/pages\/1956","targetHints":{"allow":["GET"]}}],"collection":[{"href":"https:\/\/yamhill.demo.webriculture.com\/es\/wp-json\/wp\/v2\/pages"}],"about":[{"href":"https:\/\/yamhill.demo.webriculture.com\/es\/wp-json\/wp\/v2\/types\/page"}],"author":[{"embeddable":true,"href":"https:\/\/yamhill.demo.webriculture.com\/es\/wp-json\/wp\/v2\/users\/1"}],"replies":[{"embeddable":true,"href":"https:\/\/yamhill.demo.webriculture.com\/es\/wp-json\/wp\/v2\/comments?post=1956"}],"version-history":[{"count":31,"href":"https:\/\/yamhill.demo.webriculture.com\/es\/wp-json\/wp\/v2\/pages\/1956\/revisions"}],"predecessor-version":[{"id":2922,"href":"https:\/\/yamhill.demo.webriculture.com\/es\/wp-json\/wp\/v2\/pages\/1956\/revisions\/2922"}],"wp:featuredmedia":[{"embeddable":true,"href":"https:\/\/yamhill.demo.webriculture.com\/es\/wp-json\/wp\/v2\/media\/2719"}],"wp:attachment":[{"href":"https:\/\/yamhill.demo.webriculture.com\/es\/wp-json\/wp\/v2\/media?parent=1956"}],"curies":[{"name":"wp","href":"https:\/\/api.w.org\/{rel}","templated":true}]}}