{"id":148,"date":"2022-04-29T12:24:01","date_gmt":"2022-04-29T19:24:01","guid":{"rendered":"https:\/\/beta2.swrforum.com\/?page_id=148"},"modified":"2022-08-30T13:51:57","modified_gmt":"2022-08-30T20:51:57","slug":"health-and-nutrition","status":"publish","type":"page","link":"https:\/\/yamhill.demo.webriculture.com\/es\/health-and-nutrition\/","title":{"rendered":"Salud y Nutrici\u00f3n"},"content":{"rendered":"<div style=\"height:49px\" aria-hidden=\"true\" class=\"wp-block-spacer\"><\/div>\n\n\n\n<h1 class=\"wp-block-heading\">Salud y Nutrici\u00f3n<\/h1>\n\n\n<div class=\"gb-container gb-container-b771285d\"><div class=\"gb-inside-container\">\n<div class=\"gb-grid-wrapper gb-grid-wrapper-e83852b0\">\n<div class=\"gb-grid-column gb-grid-column-f8e0295b\"><div class=\"gb-container gb-container-f8e0295b\"><div class=\"gb-inside-container\">\n\n<h3 class=\"wp-block-heading\"><strong>Salud<\/strong><\/h3>\n\n\n\n<p class=\"has-medium-font-size\">Head Start provee ex\u00e1menes de audici\u00f3n, visi\u00f3n y dentales para todos los ni\u00f1os inscritos. Trabajamos con las familias para garantizar que tengan un hogar m\u00e9dico y dental para ayudar en el seguimiento de cualquier inquietud.&nbsp;<\/p>\n\n<\/div><\/div><\/div>\n\n<div class=\"gb-grid-column gb-grid-column-5593b1c0\"><div class=\"gb-container gb-container-5593b1c0\"><div class=\"gb-inside-container\">\n<div class=\"gb-container gb-container-60d84a54\"><div class=\"gb-inside-container\">\n\n<figure class=\"wp-block-image size-large\"><img loading=\"lazy\" decoding=\"async\" width=\"1024\" height=\"683\" src=\"https:\/\/yamhill.demo.webriculture.com\/wp-content\/uploads\/2022\/08\/DSC_0926-2-1024x683.jpg\" alt=\"\" class=\"wp-image-2526\" srcset=\"https:\/\/yamhill.demo.webriculture.com\/wp-content\/uploads\/2022\/08\/DSC_0926-2-1024x683.jpg 1024w, https:\/\/yamhill.demo.webriculture.com\/wp-content\/uploads\/2022\/08\/DSC_0926-2-300x200.jpg 300w, https:\/\/yamhill.demo.webriculture.com\/wp-content\/uploads\/2022\/08\/DSC_0926-2-768x512.jpg 768w, https:\/\/yamhill.demo.webriculture.com\/wp-content\/uploads\/2022\/08\/DSC_0926-2-1536x1025.jpg 1536w, https:\/\/yamhill.demo.webriculture.com\/wp-content\/uploads\/2022\/08\/DSC_0926-2-2048x1366.jpg 2048w, https:\/\/yamhill.demo.webriculture.com\/wp-content\/uploads\/2022\/08\/DSC_0926-2-18x12.jpg 18w\" sizes=\"auto, (max-width: 1024px) 100vw, 1024px\" \/><\/figure>\n\n<\/div><\/div>\n<\/div><\/div><\/div>\n<\/div>\n<\/div><\/div>\n\n<div class=\"gb-container gb-container-b60ae20e\"><div class=\"gb-inside-container\">\n<div class=\"gb-grid-wrapper gb-grid-wrapper-16c0905d flex-mobile-column-reverse\">\n<div class=\"gb-grid-column gb-grid-column-7861378e\"><div class=\"gb-container gb-container-7861378e\"><div class=\"gb-inside-container\">\n\n<figure class=\"wp-block-image size-large\"><img loading=\"lazy\" decoding=\"async\" width=\"1024\" height=\"683\" src=\"https:\/\/yamhill.demo.webriculture.com\/wp-content\/uploads\/2022\/08\/DSC_0950-1024x683.jpg\" alt=\"\" class=\"wp-image-2528\" srcset=\"https:\/\/yamhill.demo.webriculture.com\/wp-content\/uploads\/2022\/08\/DSC_0950-1024x683.jpg 1024w, https:\/\/yamhill.demo.webriculture.com\/wp-content\/uploads\/2022\/08\/DSC_0950-300x200.jpg 300w, https:\/\/yamhill.demo.webriculture.com\/wp-content\/uploads\/2022\/08\/DSC_0950-768x512.jpg 768w, https:\/\/yamhill.demo.webriculture.com\/wp-content\/uploads\/2022\/08\/DSC_0950-1536x1024.jpg 1536w, https:\/\/yamhill.demo.webriculture.com\/wp-content\/uploads\/2022\/08\/DSC_0950-2048x1365.jpg 2048w, https:\/\/yamhill.demo.webriculture.com\/wp-content\/uploads\/2022\/08\/DSC_0950-18x12.jpg 18w\" sizes=\"auto, (max-width: 1024px) 100vw, 1024px\" \/><\/figure>\n\n<\/div><\/div><\/div>\n\n<div class=\"gb-grid-column gb-grid-column-a8fdfc71\"><div class=\"gb-container gb-container-a8fdfc71\"><div class=\"gb-inside-container\">\n\n<h3 class=\"has-text-align-left wp-block-heading\"><strong>Nutrici\u00f3n<\/strong><\/h3>\n\n\n\n<p class=\"has-medium-font-size\">Los ni\u00f1os que asisten a Head Start reciben comidas gratuitas, saludables y nutritivas preparadas por nuestro personal de cocina capacitado. Todas las comidas y refrigerios cumplen con las pautas del Programa de Alimentos para el Cuidado de Ni\u00f1os y Adultos del USDA. Las comidas se sirven al estilo familiar, lo que permite a los ni\u00f1os la oportunidad de servirse solos y practicar sentarse a la mesa.<\/p>\n\n<\/div><\/div><\/div>\n<\/div>\n<\/div><\/div>\n\n\n<p>Conforme a la ley federal y las pol\u00edticas y regulaciones de derechos civiles del Departamento de Agricultura de los Estados Unidos (USDA), esta instituci\u00f3n tiene prohibido discriminar por motivos de raza, color, origen nacional, sexo (incluyendo identidad de genero y orientaci\u00f3n sexual), edad, discapacidad, venganza o represalia por actividades realizadas en el pasado relacionadas con los derechos civiles. <\/p>\n\n\n\n<p>La informaci\u00f3n del programa puede estar disponible en otros idiomas adem\u00e1s del ingl\u00e9s. Las personas con discapacidades que requieran medios de comunicaci\u00f3n alternativos para obtener informaci\u00f3n sobre el programa (por ejemplo, Braille, letra agrandada, grabaci\u00f3n de audio y lenguaje de se\u00f1as americano) deben comunicarse con la agencia estatal o local responsable que administra el programa o con el TARGET Center del USDA al (202) 720-2600 (voz y TTY) o comunicarse con el USDA a trav\u00e9s del Servicio Federal de Transmisi\u00f3n de Informaci\u00f3n al (800) 877-8339. <\/p>\n\n\n\n<p>Para presentar una queja por discriminaci\u00f3n en el programa, el reclamante debe completar un formulario AD-3027, Formulario de queja por discriminaci\u00f3n del programa del USDA, que se puede obtener en l\u00ednea, en www.usda.gov\/sites\/default\/files\/documents\/usda-programdiscrimination-complaint-form.pdf en cualquier oficina del USDA, llamando al (866) 632-9992, o escribiendo una carta dirigida al USDA. La carta debe contener el nombre, la direcci\u00f3n y el n\u00famero de tel\u00e9fono del reclamante, y una descripci\u00f3n escrita de la supuesta acci\u00f3n discriminatoria con suficiente detalle para informar al Subsecretario de Derechos Civiles (ASCR, por sus siglas en ingl\u00e9s) sobre la naturaleza y la fecha de la presunta violaci\u00f3n de los derechos civiles. La carta o el formulario AD-3027 completado debe enviarse al USDA por medio de: correo postal: U.S. Department of Agriculture Office of the Assistant Secretary for Civil Rights 1400 Independence Avenue, SW Washington, D.C. 20250-9410; o\u00b4 fax: (833) 256-1665 o\u00b4 (202) 690-7442; correo electr\u00f3nico: program.intake@usda.gov. Esta instituci\u00f3n ofrece igualdad de oportunidades.&nbsp;&nbsp;<\/p>","protected":false},"excerpt":{"rendered":"<p>Health &amp; Nutrition In accordance with Federal law and U.S. Department of Agriculture (USDA) civil rights regulations and policies, this institution is prohibited from discriminating on the basis of race, color, national origin, sex (including gender identity and sexual orientation), age, disability, and reprisal or retaliation for prior civil rights activity. Program information may be &#8230; <a title=\"Health &#038; Nutrition\" class=\"read-more\" href=\"https:\/\/yamhill.demo.webriculture.com\/es\/health-and-nutrition\/\" aria-label=\"More on Health &#038; Nutrition\">Read more<\/a><\/p>","protected":false},"author":1,"featured_media":799,"parent":0,"menu_order":0,"comment_status":"closed","ping_status":"closed","template":"","meta":{"footnotes":""},"class_list":["post-148","page","type-page","status-publish","has-post-thumbnail"],"featured_image_src":"https:\/\/yamhill.demo.webriculture.com\/wp-content\/uploads\/2022\/05\/457.jpg","_links":{"self":[{"href":"https:\/\/yamhill.demo.webriculture.com\/es\/wp-json\/wp\/v2\/pages\/148","targetHints":{"allow":["GET"]}}],"collection":[{"href":"https:\/\/yamhill.demo.webriculture.com\/es\/wp-json\/wp\/v2\/pages"}],"about":[{"href":"https:\/\/yamhill.demo.webriculture.com\/es\/wp-json\/wp\/v2\/types\/page"}],"author":[{"embeddable":true,"href":"https:\/\/yamhill.demo.webriculture.com\/es\/wp-json\/wp\/v2\/users\/1"}],"replies":[{"embeddable":true,"href":"https:\/\/yamhill.demo.webriculture.com\/es\/wp-json\/wp\/v2\/comments?post=148"}],"version-history":[{"count":52,"href":"https:\/\/yamhill.demo.webriculture.com\/es\/wp-json\/wp\/v2\/pages\/148\/revisions"}],"predecessor-version":[{"id":2529,"href":"https:\/\/yamhill.demo.webriculture.com\/es\/wp-json\/wp\/v2\/pages\/148\/revisions\/2529"}],"wp:featuredmedia":[{"embeddable":true,"href":"https:\/\/yamhill.demo.webriculture.com\/es\/wp-json\/wp\/v2\/media\/799"}],"wp:attachment":[{"href":"https:\/\/yamhill.demo.webriculture.com\/es\/wp-json\/wp\/v2\/media?parent=148"}],"curies":[{"name":"wp","href":"https:\/\/api.w.org\/{rel}","templated":true}]}}