{"id":138,"date":"2022-04-29T12:18:47","date_gmt":"2022-04-29T19:18:47","guid":{"rendered":"https:\/\/beta2.swrforum.com\/?page_id=138"},"modified":"2022-11-28T10:17:20","modified_gmt":"2022-11-28T17:17:20","slug":"all-programs","status":"publish","type":"page","link":"https:\/\/yamhill.demo.webriculture.com\/es\/all-programs\/","title":{"rendered":"Nuestros Programas"},"content":{"rendered":"<div style=\"height:50px\" aria-hidden=\"true\" class=\"wp-block-spacer\"><\/div>\n\n\n\n<h1 class=\"wp-block-heading\">Programas disponibles<\/h1>\n\n\n<div class=\"gb-container gb-container-17981389\"><div class=\"gb-inside-container\">\n\n<p class=\"has-medium-font-size\">Head Start of Yamhill County brinda servicios para ni\u00f1os en un programa comprensivo de desarrollo de la primera infancia centrado en la familia. Nuestro programa preescolar atiende a ni\u00f1os de tres a cinco a\u00f1os. Nuestro programa Early Head Start atiende a madres embarazadas, beb\u00e9s y ni\u00f1os peque\u00f1os hasta los 3 a\u00f1os.<\/p>\n\n\n\n<p class=\"has-medium-font-size\">El fundamento de nuestro programa es la participaci\u00f3n y educaci\u00f3n de los padres. Nuestro personal colabora con los padres para apoyar el desarrollo de cada ni\u00f1o de una manera que respete las necesidades, culturas y valores de las familias.<\/p>\n\n<\/div><\/div>\n\n<div class=\"gb-container gb-container-df1b80d8\"><div class=\"gb-inside-container\">\n\n<div class=\"wp-block-columns is-layout-flex wp-container-core-columns-is-layout-9d6595d7 wp-block-columns-is-layout-flex\">\n<div class=\"wp-block-column is-layout-flow wp-block-column-is-layout-flow\" style=\"flex-basis:100%\"><div class=\"gb-grid-wrapper gb-grid-wrapper-4e668881\">\n<div class=\"gb-grid-column gb-grid-column-07d22473\"><div class=\"gb-container gb-container-07d22473\"><div class=\"gb-inside-container\">\n<div class=\"oxi-addons-container   oxi-addons-flipbox-template-style1\">        <div class=\"oxilab-flip-box-wrapper\">\n                                <div class=\"oxilab-flip-box-col-1 oxilab-flip-box-padding-1\"\n                        sa-data-animation=\"\"\n                        sa-data-animation-offset=\"100%\"\n                        sa-data-animation-delay=\"0ms\"\n                        sa-data-animation-duration=\" 2000ms\"\n                        >\n                        <div class=\"oxilab-flip-box-body-1 oxilab-flip-box-body-1-1\">\n                                                        <div class=\"oxilab-flip-box-body-absulote\">\n                                <div class=\"oxilab-flip-box-flip oxilab-flip-box-flip-left-to-right\">\n                                    <div class=\"oxilab-flip-box-style-data easing_easeInOutCirc\">\n                                        <div class=\"oxilab-flip-box-style\">\n                                            <div class=\"oxilab-flip-box-front\">\n                                                <div class=\"oxilab-flip-box-1\">\n                                                    <div class=\"oxilab-flip-box-1-data\">\n                                                        <div class=\"oxilab-flip-box-1-image\">\n                                                            <img decoding=\"async\" src=\"https:\/\/yamhill.demo.webriculture.com\/wp-content\/uploads\/2022\/09\/headstart.jpeg\" \n                                                            alt=\"\"                                                            >\n\n                                                            <div class=\"oxilab-flip-box-1-image-icon\">\n                                                                        <i class=\"fas fa-star oxi-icons\"><\/i>\n                                                                    <\/div>\n                                                        <\/div>\n                                                        <div class=\"oxilab-flip-box-1-heading\">\n                                                            <div class=\"oxilab-flip-box-1-heading-data\">\n                                                                Head Start                                                            <\/div>\n                                                        <\/div>\n                                                    <\/div>\n                                                <\/div>\n                                            <\/div>\n                                            <div class=\"oxilab-flip-box-back\">\n                                                <div class=\"oxilab-flip-box-back-1\">\n                                                    <div class=\"oxilab-flip-box-back-1-data\">\n                                                        <div class=\"oxilab-flip-box-back-1-file\">\n                                                            <div class=\"oxilab-info\">\n                                                                Nuestro programa preescolar es un programa gratuito para ni\u00f1os de 3 a 5 a\u00f1os que se enfoca en preparar a los ni\u00f1os para el \u00e9xito en la escuela y en la vida.                                                            <\/div>\n                                                                                                                            <div class=\"oxilab-button\">\n                                                                    <a href=\"\/es\/head-start\/\" target=\"\">\n                                                                        <span class=\"oxilab-button-data\">\n                                                                            Aprenda mas                                                                        <\/span>\n                                                                    <\/a>\n                                                                <\/div>\n                                                                                                                        <\/div>\n                                                    <\/div>\n                                                <\/div>\n                                            <\/div>\n                                        <\/div>\n                                    <\/div>\n                                <\/div>\n                            <\/div>\n                                                    <\/div>\n\n                                            <\/div>\n                    \n        <\/div>\n            <\/div>\n\n<\/div><\/div><\/div>\n\n<div class=\"gb-grid-column gb-grid-column-75296318\"><div class=\"gb-container gb-container-75296318\"><div class=\"gb-inside-container\">\n<div class=\"oxi-addons-container   oxi-addons-flipbox-template-style1\">        <div class=\"oxilab-flip-box-wrapper\">\n                                <div class=\"oxilab-flip-box-col-1 oxilab-flip-box-padding-2\"\n                        sa-data-animation=\"\"\n                        sa-data-animation-offset=\"100%\"\n                        sa-data-animation-delay=\"0ms\"\n                        sa-data-animation-duration=\" 2000ms\"\n                        >\n                        <div class=\"oxilab-flip-box-body-2 oxilab-flip-box-body-2-2\">\n                                                        <div class=\"oxilab-flip-box-body-absulote\">\n                                <div class=\"oxilab-flip-box-flip oxilab-flip-box-flip-left-to-right\">\n                                    <div class=\"oxilab-flip-box-style-data easing_easeInOutCirc\">\n                                        <div class=\"oxilab-flip-box-style\">\n                                            <div class=\"oxilab-flip-box-front\">\n                                                <div class=\"oxilab-flip-box-2\">\n                                                    <div class=\"oxilab-flip-box-2-data\">\n                                                        <div class=\"oxilab-flip-box-2-image\">\n                                                            <img decoding=\"async\" src=\"https:\/\/yamhill.demo.webriculture.com\/wp-content\/uploads\/2022\/09\/earlylearning.jpeg\" \n                                                            alt=\"\"                                                            >\n\n                                                            <div class=\"oxilab-flip-box-2-image-icon\">\n                                                                        <i class=\"fas fa-star oxi-icons\"><\/i>\n                                                                    <\/div>\n                                                        <\/div>\n                                                        <div class=\"oxilab-flip-box-2-heading\">\n                                                            <div class=\"oxilab-flip-box-2-heading-data\">\n                                                                Early Head Start                                                            <\/div>\n                                                        <\/div>\n                                                    <\/div>\n                                                <\/div>\n                                            <\/div>\n                                            <div class=\"oxilab-flip-box-back\">\n                                                <div class=\"oxilab-flip-box-back-2\">\n                                                    <div class=\"oxilab-flip-box-back-2-data\">\n                                                        <div class=\"oxilab-flip-box-back-2-file\">\n                                                            <div class=\"oxilab-info\">\n                                                                Nuestro programa Early Head Start es un programa gratuito que dura todo el a\u00f1o para ni\u00f1os desde el nacimiento hasta los 3 a\u00f1os y madres embarazadas.                                                            <\/div>\n                                                                                                                            <div class=\"oxilab-button\">\n                                                                    <a href=\"\/es\/early-head-start\/\" target=\"\">\n                                                                        <span class=\"oxilab-button-data\">\n                                                                            Aprenda mas                                                                        <\/span>\n                                                                    <\/a>\n                                                                <\/div>\n                                                                                                                        <\/div>\n                                                    <\/div>\n                                                <\/div>\n                                            <\/div>\n                                        <\/div>\n                                    <\/div>\n                                <\/div>\n                            <\/div>\n                                                    <\/div>\n\n                                            <\/div>\n                    \n        <\/div>\n            <\/div>\n\n<\/div><\/div><\/div>\n<\/div><\/div>\n<\/div>\n\n<\/div><\/div>","protected":false},"excerpt":{"rendered":"<p>Programs We Offer Head Start of Yamhill County provides services for children in a comprehensive, family-focused, early childhood development program. Our preschool program serves children ages three through five. Our Early Head Start program serves pregnant moms, infants, and toddlers up to age 3. The cornerstone of our program is parent involvement and education. Our &#8230; <a title=\"Nuestros Programas\" class=\"read-more\" href=\"https:\/\/yamhill.demo.webriculture.com\/es\/all-programs\/\" aria-label=\"More on All Programs\">Read more<\/a><\/p>","protected":false},"author":1,"featured_media":2717,"parent":0,"menu_order":0,"comment_status":"closed","ping_status":"closed","template":"","meta":{"footnotes":""},"class_list":["post-138","page","type-page","status-publish","has-post-thumbnail"],"featured_image_src":"https:\/\/yamhill.demo.webriculture.com\/wp-content\/uploads\/2022\/10\/Banner-1-4-scaled.jpg","_links":{"self":[{"href":"https:\/\/yamhill.demo.webriculture.com\/es\/wp-json\/wp\/v2\/pages\/138","targetHints":{"allow":["GET"]}}],"collection":[{"href":"https:\/\/yamhill.demo.webriculture.com\/es\/wp-json\/wp\/v2\/pages"}],"about":[{"href":"https:\/\/yamhill.demo.webriculture.com\/es\/wp-json\/wp\/v2\/types\/page"}],"author":[{"embeddable":true,"href":"https:\/\/yamhill.demo.webriculture.com\/es\/wp-json\/wp\/v2\/users\/1"}],"replies":[{"embeddable":true,"href":"https:\/\/yamhill.demo.webriculture.com\/es\/wp-json\/wp\/v2\/comments?post=138"}],"version-history":[{"count":122,"href":"https:\/\/yamhill.demo.webriculture.com\/es\/wp-json\/wp\/v2\/pages\/138\/revisions"}],"predecessor-version":[{"id":2958,"href":"https:\/\/yamhill.demo.webriculture.com\/es\/wp-json\/wp\/v2\/pages\/138\/revisions\/2958"}],"wp:featuredmedia":[{"embeddable":true,"href":"https:\/\/yamhill.demo.webriculture.com\/es\/wp-json\/wp\/v2\/media\/2717"}],"wp:attachment":[{"href":"https:\/\/yamhill.demo.webriculture.com\/es\/wp-json\/wp\/v2\/media?parent=138"}],"curies":[{"name":"wp","href":"https:\/\/api.w.org\/{rel}","templated":true}]}}