{"id":106,"date":"2022-04-28T15:20:07","date_gmt":"2022-04-28T22:20:07","guid":{"rendered":"https:\/\/beta2.swrforum.com\/?page_id=106"},"modified":"2022-10-12T09:52:44","modified_gmt":"2022-10-12T16:52:44","slug":"current-job-openings","status":"publish","type":"page","link":"https:\/\/yamhill.demo.webriculture.com\/es\/current-job-openings\/","title":{"rendered":"Puestos Disponibles"},"content":{"rendered":"<div class=\"gb-container gb-container-5c495aec\"><div class=\"gb-inside-container\">\n\n<div style=\"height:50px\" aria-hidden=\"true\" class=\"wp-block-spacer\"><\/div>\n\n\n\n<h1 class=\"wp-block-heading\">\u00a1Unase a nuestro equipo! <\/h1>\n\n\n\n<p class=\"has-medium-font-size\">\u00bfEst\u00e1 interesado en unirse a la familia HSYC? \u00a1Creemos que nuestros empleados son nuestro recurso m\u00e1s valioso! Estamos comprometidos a crear un ambiente que apoye el crecimiento personal y el aprendizaje. Sea parte de un equipo que crea oportunidades para que los ni\u00f1os y las familias prosperen y crezcan.<\/p>\n\n\n<div class=\"gb-container gb-container-9f573935\"><div class=\"gb-inside-container\">\n<div class=\"gb-grid-wrapper gb-grid-wrapper-61ffb05a\">\n<div class=\"gb-grid-column gb-grid-column-4dea8294\"><div class=\"gb-container gb-container-4dea8294\"><div class=\"gb-inside-container\">\n\n<h2 class=\"wp-block-heading\">Res\u00famen de beneficios<\/h2>\n\n\n\n<p>Ofrecemos salarios competitivos y beneficios durante todo el a\u00f1o a los empleados que trabajan al menos 30 horas por semana.<\/p>\n\n\n<div style=\"padding-left: 1.1em; text-align: left; --ub-list-item-icon-top: 3px;; --ub-list-item-icon-size: 0.9em; --ub-list-item-background-image: url('data:image\/svg+xml;utf8,&lt;svg xmlns=&quot;http:\/\/www.w3.org\/2000\/svg&quot; viewBox=&quot;0 0 512 512&quot;&gt;&lt;path fill=&quot;%23000000&quot; d=&quot;M470.6 105.4c12.5 12.5 12.5 32.8 0 45.3l-256 256c-12.5 12.5-32.8 12.5-45.3 0l-128-128c-12.5-12.5-12.5-32.8 0-45.3s32.8-12.5 45.3 0L192 338.7 425.4 105.4c12.5-12.5 32.8-12.5 45.3 0z&quot;&gt;&lt;\/path&gt;&lt;\/svg&gt;'); --ub-list-item-fa-li-top: 3px; \" class=\"wp-block-ub-styled-list ub_styled_list_sublist\" id=\"ub_styled_list-644eb359-1244-4369-b953-95e3732c9724\"><ul class=\"fa-ul\"><li>Seguro m\u00e9dico<\/li><li>Seguro dental<\/li><li>Seguro de vista<\/li><li>401K con hasta un 7% de aporte de HSYC<\/li><li>Seguro de vida<\/li><li>Seguro de discapacidad a corto plazo<\/li><li>Seguro de discapacidad a largo plazo<\/li><li>Seguro de vida voluntario<\/li><li>Planes m\u00e9dicos de gastos flexibles<\/li><li>Programa de asistencia al empleado<\/li><\/ul><\/div>\n<\/div><\/div><\/div>\n\n<div class=\"gb-grid-column gb-grid-column-0b680fc7\"><div class=\"gb-container gb-container-0b680fc7\"><div class=\"gb-inside-container\">\n\n<figure class=\"wp-block-image size-large\"><img loading=\"lazy\" decoding=\"async\" width=\"1024\" height=\"720\" src=\"https:\/\/yamhill.demo.webriculture.com\/wp-content\/uploads\/2022\/08\/DSC_0005-2-1024x720.jpg\" alt=\"\" class=\"wp-image-2518\" srcset=\"https:\/\/yamhill.demo.webriculture.com\/wp-content\/uploads\/2022\/08\/DSC_0005-2-1024x720.jpg 1024w, https:\/\/yamhill.demo.webriculture.com\/wp-content\/uploads\/2022\/08\/DSC_0005-2-300x211.jpg 300w, https:\/\/yamhill.demo.webriculture.com\/wp-content\/uploads\/2022\/08\/DSC_0005-2-768x540.jpg 768w, https:\/\/yamhill.demo.webriculture.com\/wp-content\/uploads\/2022\/08\/DSC_0005-2-1536x1080.jpg 1536w, https:\/\/yamhill.demo.webriculture.com\/wp-content\/uploads\/2022\/08\/DSC_0005-2-2048x1441.jpg 2048w, https:\/\/yamhill.demo.webriculture.com\/wp-content\/uploads\/2022\/08\/DSC_0005-2-18x12.jpg 18w\" sizes=\"auto, (max-width: 1024px) 100vw, 1024px\" \/><\/figure>\n\n<\/div><\/div><\/div>\n<\/div>\n<\/div><\/div>\n\n<div class=\"gb-container gb-container-cfb80fbe\"><div class=\"gb-inside-container\">\n<div class=\"gb-grid-wrapper gb-grid-wrapper-e3e523d6 flex-mobile-column-reverse\">\n<div class=\"gb-grid-column gb-grid-column-33c85794\"><div class=\"gb-container gb-container-33c85794\"><div class=\"gb-inside-container\">\n\n<figure class=\"wp-block-image size-large\"><img loading=\"lazy\" decoding=\"async\" width=\"683\" height=\"1024\" src=\"https:\/\/yamhill.demo.webriculture.com\/wp-content\/uploads\/2022\/08\/DSC_0907-683x1024.jpg\" alt=\"\" class=\"wp-image-2523\" srcset=\"https:\/\/yamhill.demo.webriculture.com\/wp-content\/uploads\/2022\/08\/DSC_0907-683x1024.jpg 683w, https:\/\/yamhill.demo.webriculture.com\/wp-content\/uploads\/2022\/08\/DSC_0907-200x300.jpg 200w, https:\/\/yamhill.demo.webriculture.com\/wp-content\/uploads\/2022\/08\/DSC_0907-768x1152.jpg 768w, https:\/\/yamhill.demo.webriculture.com\/wp-content\/uploads\/2022\/08\/DSC_0907-1024x1536.jpg 1024w, https:\/\/yamhill.demo.webriculture.com\/wp-content\/uploads\/2022\/08\/DSC_0907-1365x2048.jpg 1365w, https:\/\/yamhill.demo.webriculture.com\/wp-content\/uploads\/2022\/08\/DSC_0907-8x12.jpg 8w, https:\/\/yamhill.demo.webriculture.com\/wp-content\/uploads\/2022\/08\/DSC_0907-scaled.jpg 1707w\" sizes=\"auto, (max-width: 683px) 100vw, 683px\" \/><\/figure>\n\n<\/div><\/div><\/div>\n\n<div class=\"gb-grid-column gb-grid-column-5340f7db\"><div class=\"gb-container gb-container-5340f7db\"><div class=\"gb-inside-container\">\n\n<h2 class=\"wp-block-heading\"><strong>Puestos actualmente disponibles<\/strong><\/h2>\n\n\n\n<p class=\"has-medium-font-size\">Las aplicaciones se aceptan en cualquier momento para cualquiera de nuestros puestos y se mantendr\u00e1n archivadas por un a\u00f1o. Biling\u00fce: se prefiere ingl\u00e9s-espa\u00f1ol para la mayor\u00eda de los puestos. Los requisitos, las preferencias y la compensaci\u00f3n se anotan en descripciones de los puestos.<\/p>\n\n\n\n<div class=\"wp-block-file\"><a id=\"wp-block-file--media-cce35354-5ab9-4d50-89a0-32154be2be97\" href=\"https:\/\/yamhill.demo.webriculture.com\/wp-content\/uploads\/2022\/10\/Bus-Driver-job-description-revised-10.3.22.pdf\" target=\"_blank\" rel=\"noreferrer noopener\">Conductor de autob\u00fas<\/a><\/div>\n\n\n\n<div class=\"wp-block-file\"><a id=\"wp-block-file--media-d642744e-977b-4d5a-9f60-06d7d2d1221f\" href=\"https:\/\/yamhill.demo.webriculture.com\/wp-content\/uploads\/2022\/10\/Classroom-Aide-JD-revised-10.3.22.pdf\" target=\"_blank\" rel=\"noreferrer noopener\">Ayudante de salon<\/a><\/div>\n\n\n\n<div class=\"wp-block-file\"><a id=\"wp-block-file--media-4453d8e7-dcfd-4f8f-b1b6-a4a866ff1797\" href=\"https:\/\/yamhill.demo.webriculture.com\/wp-content\/uploads\/2022\/10\/Classroom-Aide-EHS-JD-10.3.22.pdf\" target=\"_blank\" rel=\"noreferrer noopener\">Ayudante de salon Early Head Start<\/a><\/div>\n\n\n\n<div class=\"wp-block-file\"><a id=\"wp-block-file--media-2dfb0def-8f6e-4d48-a386-0f93b047a1b1\" href=\"https:\/\/yamhill.demo.webriculture.com\/wp-content\/uploads\/2022\/10\/EHS-Family-Educator-revised-10.3.22.pdf\" target=\"_blank\" rel=\"noreferrer noopener\">Educador Familiar de Early Head Start<\/a><\/div>\n\n\n\n<div class=\"wp-block-file\"><a id=\"wp-block-file--media-2b8803c4-fdf0-4d1f-a400-d52854b4aa85\" href=\"https:\/\/yamhill.demo.webriculture.com\/wp-content\/uploads\/2022\/10\/Family-Support-job-description-revised-10.3.22.pdf\" target=\"_blank\" rel=\"noreferrer noopener\">Apoyo Familiar<\/a><\/div>\n\n\n\n<div class=\"wp-block-file\"><a id=\"wp-block-file--media-5655baf8-e015-4c00-b384-bcb343c79295\" href=\"https:\/\/yamhill.demo.webriculture.com\/wp-content\/uploads\/2022\/10\/Teacher-job-description-10.3.2022.pdf\" target=\"_blank\" rel=\"noreferrer noopener\">Maestro<\/a><\/div>\n\n\n\n<div class=\"wp-block-file\"><a id=\"wp-block-file--media-01d125ec-fb23-4270-a7f8-ba4a001596fd\" href=\"https:\/\/yamhill.demo.webriculture.com\/wp-content\/uploads\/2022\/10\/Teacher-Assistant-Job-Description-revised-10.3.2022.pdf\" target=\"_blank\" rel=\"noreferrer noopener\">Asistente de Maestro<\/a><\/div>\n\n\n\n<div class=\"wp-block-file\"><a id=\"wp-block-file--media-aa0e3192-29f1-420f-92e8-c687251b5a10\" href=\"https:\/\/yamhill.demo.webriculture.com\/wp-content\/uploads\/2022\/10\/Substitutes_job-description-revised-10.3.22.pdf\" target=\"_blank\" rel=\"noreferrer noopener\">Sustitutos del programa<\/a><\/div>\n\n\n\n<p class=\"has-medium-font-size\"><\/p>\n\n<\/div><\/div><\/div>\n<\/div>\n<\/div><\/div>\n\n<div class=\"gb-container gb-container-ffea400e\"><div class=\"gb-inside-container\">\n<div class=\"gb-grid-wrapper gb-grid-wrapper-79073be2\">\n<div class=\"gb-grid-column gb-grid-column-46d2142d\"><div class=\"gb-container gb-container-46d2142d\"><div class=\"gb-inside-container\">\n\n<h3 class=\"wp-block-heading\"><strong>Para aplicar<\/strong><\/h3>\n\n\n\n<p class=\"has-medium-font-size\">Se requiere completar una aplicacion de empleo de Head Start y entregar un curr\u00edculum para ser considerado para el empleo. Env\u00ede su curr\u00edculum por correo electr\u00f3nico a <a href=\"mailto:hr@yamhillheadstart.org\">hr@yamhillheadstart.org<\/a><\/p>\n\n\n<div class=\"gb-button-wrapper gb-button-wrapper-431a1d75\">\n\n<a class=\"gb-button gb-button-8e8dbf2e gb-button-text\" href=\"\/es\/apply-online\/\">Aplique ahora<\/a>\n\n<\/div>\n<\/div><\/div><\/div>\n\n<div class=\"gb-grid-column gb-grid-column-714d7acc\"><div class=\"gb-container gb-container-714d7acc\"><div class=\"gb-inside-container\">\n\n<figure class=\"wp-block-image size-large\"><img loading=\"lazy\" decoding=\"async\" width=\"1024\" height=\"807\" src=\"https:\/\/yamhill.demo.webriculture.com\/wp-content\/uploads\/2022\/08\/DSC_0107-2-1024x807.jpg\" alt=\"\" class=\"wp-image-2521\" srcset=\"https:\/\/yamhill.demo.webriculture.com\/wp-content\/uploads\/2022\/08\/DSC_0107-2-1024x807.jpg 1024w, https:\/\/yamhill.demo.webriculture.com\/wp-content\/uploads\/2022\/08\/DSC_0107-2-300x236.jpg 300w, https:\/\/yamhill.demo.webriculture.com\/wp-content\/uploads\/2022\/08\/DSC_0107-2-768x605.jpg 768w, https:\/\/yamhill.demo.webriculture.com\/wp-content\/uploads\/2022\/08\/DSC_0107-2-1536x1211.jpg 1536w, https:\/\/yamhill.demo.webriculture.com\/wp-content\/uploads\/2022\/08\/DSC_0107-2-2048x1614.jpg 2048w, https:\/\/yamhill.demo.webriculture.com\/wp-content\/uploads\/2022\/08\/DSC_0107-2-15x12.jpg 15w\" sizes=\"auto, (max-width: 1024px) 100vw, 1024px\" \/><\/figure>\n\n<\/div><\/div><\/div>\n<\/div>\n<\/div><\/div>\n\n<div class=\"gb-container gb-container-5615af97\"><div class=\"gb-inside-container\">\n<div class=\"gb-grid-wrapper gb-grid-wrapper-f498a9b3 flex-mobile-column-reverse\">\n<div class=\"gb-grid-column gb-grid-column-66b7ffc0\"><div class=\"gb-container gb-container-66b7ffc0\"><div class=\"gb-inside-container\">\n\n<figure class=\"wp-block-image size-large\"><img loading=\"lazy\" decoding=\"async\" width=\"1024\" height=\"683\" src=\"https:\/\/yamhill.demo.webriculture.com\/wp-content\/uploads\/2022\/08\/DSC_0889.1-1024x683.jpg\" alt=\"\" class=\"wp-image-2522\" srcset=\"https:\/\/yamhill.demo.webriculture.com\/wp-content\/uploads\/2022\/08\/DSC_0889.1-1024x683.jpg 1024w, https:\/\/yamhill.demo.webriculture.com\/wp-content\/uploads\/2022\/08\/DSC_0889.1-300x200.jpg 300w, https:\/\/yamhill.demo.webriculture.com\/wp-content\/uploads\/2022\/08\/DSC_0889.1-768x512.jpg 768w, https:\/\/yamhill.demo.webriculture.com\/wp-content\/uploads\/2022\/08\/DSC_0889.1-1536x1024.jpg 1536w, https:\/\/yamhill.demo.webriculture.com\/wp-content\/uploads\/2022\/08\/DSC_0889.1-2048x1365.jpg 2048w, https:\/\/yamhill.demo.webriculture.com\/wp-content\/uploads\/2022\/08\/DSC_0889.1-18x12.jpg 18w\" sizes=\"auto, (max-width: 1024px) 100vw, 1024px\" \/><\/figure>\n\n<\/div><\/div><\/div>\n\n<div class=\"gb-grid-column gb-grid-column-f68b3e55\"><div class=\"gb-container gb-container-f68b3e55\"><div class=\"gb-inside-container\">\n\n<h3 class=\"wp-block-heading\"><strong>Empleados actuales<\/strong><\/h3>\n\n\n\n<p class=\"has-medium-font-size\">Los empleados actuales que deseen aplicar para puestos vacantes deben completar una solicitud de transferencia o promoci\u00f3n de empleado y env\u00edarla a Recursos Humanos.<\/p>\n\n\n\n<div class=\"wp-block-file\"><a id=\"wp-block-file--media-0b51f8d9-ac2e-4069-b4aa-24022eac1a59\" href=\"https:\/\/yamhill.demo.webriculture.com\/wp-content\/uploads\/2022\/10\/TRANSFER-OR-PROMOTION-APPLICATION.pdf\">Solicitud de Transferencia o Promoci\u00f3n<\/a><\/div>\n\n<\/div><\/div><\/div>\n<\/div>\n<\/div><\/div>\n<\/div><\/div>\n\n\n<p class=\"has-small-font-size\"><em>Head Start of Yamhill County es proveedor con igualdad de oportunidad.<\/em><\/p>","protected":false},"excerpt":{"rendered":"<p>Join our team! Are you interested in joining the HSYC family?&nbsp;We believe our employees are our most valuable resource! We are committed to creating an environment which supports personal growth and learning. Be part of a team who creates opportunities for children and families to thrive and grow. Head Start of Yamhill County&nbsp;is an equal &#8230; <a title=\"Puestos Disponibles\" class=\"read-more\" href=\"https:\/\/yamhill.demo.webriculture.com\/es\/current-job-openings\/\" aria-label=\"More on Current Job Openings\">Read more<\/a><\/p>","protected":false},"author":1,"featured_media":2630,"parent":0,"menu_order":0,"comment_status":"closed","ping_status":"closed","template":"","meta":{"footnotes":""},"class_list":["post-106","page","type-page","status-publish","has-post-thumbnail"],"featured_image_src":"https:\/\/yamhill.demo.webriculture.com\/wp-content\/uploads\/2022\/09\/Banner-7-2-1.jpg","_links":{"self":[{"href":"https:\/\/yamhill.demo.webriculture.com\/es\/wp-json\/wp\/v2\/pages\/106","targetHints":{"allow":["GET"]}}],"collection":[{"href":"https:\/\/yamhill.demo.webriculture.com\/es\/wp-json\/wp\/v2\/pages"}],"about":[{"href":"https:\/\/yamhill.demo.webriculture.com\/es\/wp-json\/wp\/v2\/types\/page"}],"author":[{"embeddable":true,"href":"https:\/\/yamhill.demo.webriculture.com\/es\/wp-json\/wp\/v2\/users\/1"}],"replies":[{"embeddable":true,"href":"https:\/\/yamhill.demo.webriculture.com\/es\/wp-json\/wp\/v2\/comments?post=106"}],"version-history":[{"count":44,"href":"https:\/\/yamhill.demo.webriculture.com\/es\/wp-json\/wp\/v2\/pages\/106\/revisions"}],"predecessor-version":[{"id":2935,"href":"https:\/\/yamhill.demo.webriculture.com\/es\/wp-json\/wp\/v2\/pages\/106\/revisions\/2935"}],"wp:featuredmedia":[{"embeddable":true,"href":"https:\/\/yamhill.demo.webriculture.com\/es\/wp-json\/wp\/v2\/media\/2630"}],"wp:attachment":[{"href":"https:\/\/yamhill.demo.webriculture.com\/es\/wp-json\/wp\/v2\/media?parent=106"}],"curies":[{"name":"wp","href":"https:\/\/api.w.org\/{rel}","templated":true}]}}